{"id":12124,"date":"2018-12-03T09:50:06","date_gmt":"2018-12-03T12:00:04","guid":{"rendered":"https:\/\/skinmonarch.com\/?post_type=product&#038;p=12124"},"modified":"2024-12-30T18:11:53","modified_gmt":"2024-12-30T18:11:53","slug":"royal-power-400-kartridzai","status":"publish","type":"product","link":"https:\/\/skinmonarch.com\/lt\/produktas\/royal-power-400-kartridzai\/","title":{"rendered":"Royal Power 400 Kartrid\u017eai"},"content":{"rendered":"<h6>Kiekis: 1 adata<\/h6>\n<h6>Pagaminta Vokietijoje<\/h6>\n","protected":false},"excerpt":{"rendered":"<p>Skin monarch akademijos Royal Power 400<br \/>\naparato kartrid\u017eai yra pagaminti i\u0161 geriausi\u0173<br \/>\nmed\u017eiag\u0173.Tokios kokyb\u0117s kartrid\u017eai suteiks<br \/>\ngalimyb\u0119 atlikti ypa\u010d profesionalius darbus<br \/>\npagal naujausias atlikimo tendencijas.<\/p>\n<p><strong>Kartrid\u017eai skirti:<\/strong><br \/>\nAki\u0173 permanentiniam makia\u017eui,<br \/>\nAntaki\u0173 permanentiniam makia\u017eui,<br \/>\nL\u016bp\u0173 permanentiniam makia\u017eui,<br \/>\nMa\u017eoms tatuiruot\u0117ms atlikti,<\/p>\n<p><strong>\u0160alinimo proced\u016broms<\/strong><br \/>\nTatuiruot\u0117s, ilgalaikio makia\u017eo,<\/p>\n<p><strong>Kitoms proced\u016broms<\/strong><br \/>\nMezoterapijai, be adatinei mezoterapijai,<br \/>\nRand\u0173 ma\u017einimo proced\u016broms,<\/p>\n<p>&nbsp;<\/p>\n","protected":false},"featured_media":12106,"comment_status":"open","ping_status":"closed","template":"","meta":{"_themeisle_gutenberg_block_has_review":false},"product_brand":[],"product_cat":[15],"product_tag":[],"class_list":{"0":"post-12124","1":"product","2":"type-product","3":"status-publish","4":"has-post-thumbnail","6":"product_cat-uncategorized","7":"description-off","9":"first","10":"outofstock","11":"shipping-taxable","12":"purchasable","13":"product-type-variable"},"_links":{"self":[{"href":"https:\/\/skinmonarch.com\/lt\/wp-json\/wp\/v2\/product\/12124","targetHints":{"allow":["GET"]}}],"collection":[{"href":"https:\/\/skinmonarch.com\/lt\/wp-json\/wp\/v2\/product"}],"about":[{"href":"https:\/\/skinmonarch.com\/lt\/wp-json\/wp\/v2\/types\/product"}],"replies":[{"embeddable":true,"href":"https:\/\/skinmonarch.com\/lt\/wp-json\/wp\/v2\/comments?post=12124"}],"wp:featuredmedia":[{"embeddable":true,"href":"https:\/\/skinmonarch.com\/lt\/wp-json\/wp\/v2\/media\/12106"}],"wp:attachment":[{"href":"https:\/\/skinmonarch.com\/lt\/wp-json\/wp\/v2\/media?parent=12124"}],"wp:term":[{"taxonomy":"product_brand","embeddable":true,"href":"https:\/\/skinmonarch.com\/lt\/wp-json\/wp\/v2\/product_brand?post=12124"},{"taxonomy":"product_cat","embeddable":true,"href":"https:\/\/skinmonarch.com\/lt\/wp-json\/wp\/v2\/product_cat?post=12124"},{"taxonomy":"product_tag","embeddable":true,"href":"https:\/\/skinmonarch.com\/lt\/wp-json\/wp\/v2\/product_tag?post=12124"}],"curies":[{"name":"wp","href":"https:\/\/api.w.org\/{rel}","templated":true}]}}