{"id":12274,"date":"2018-12-23T07:22:49","date_gmt":"2018-12-26T11:02:13","guid":{"rendered":"https:\/\/skinmonarch.com\/?post_type=product&#038;p=12274"},"modified":"2024-12-30T18:08:41","modified_gmt":"2024-12-30T18:08:41","slug":"skin-monarch-master-care-2","status":"publish","type":"product","link":"https:\/\/skinmonarch.com\/lt\/produktas\/skin-monarch-master-care-2\/","title":{"rendered":"Skin Monarch Master Care gelis"},"content":{"rendered":"<h6>Kiekis: 15ml.<\/h6>\n<h6><\/h6>\n","protected":false},"excerpt":{"rendered":"<h6 style=\"font-weight: 400;\"><b><strong><span style=\"font-weight: inherit;\">Skin Monarch Master care gelis (15 ml.)<\/span><\/strong><\/b><\/h6>\n<h6 style=\"font-weight: 400;\"><span style=\"font-weight: inherit;\"><b><strong>Naudojimas:\u00a0<\/strong><\/b>i\u0161kart po permanentinio makia\u017eo, microblading, tatuiravimo proced\u016bros. U\u017etepti plonu sluoksniu pa\u017eeist\u0105 viet\u0105.<\/span><\/h6>\n<h6 style=\"font-weight: 400;\"><span style=\"font-weight: inherit;\">Gelis pa\u0161alina paraudim\u0105, randus padeda orai grei\u010diau atsigauti po proced\u016bros. Gelis gali b\u016bti naudojamas kaip priemon\u0117 po tatuiruo\u010di\u0173 \u0161alinimo arba po permanentinio makia\u017eo proced\u016bros.<\/span><\/h6>\n<h6 style=\"font-weight: 400;\"><b><strong><span style=\"font-weight: inherit;\">Ingridientai:<\/span><\/strong><\/b><\/h6>\n<h6 style=\"font-weight: 400;\"><span style=\"font-weight: inherit;\">Aloe barbadensis miller; Aqua; Caprylic\/Capric Triglycerides; Hamamelis virginiana (Witch Hazel) Water; Hydrolyzed Soy Protein; Sodium stearoyl lactylate; Glycerine; Alcohol; Panthenol;\u00a0 Urea; Glyceryl stearate; Cetearyl alcohol; Tocopherol; Sodium Ascorbyl Phosphate; Allantoin; Dehydroacetic acid; Benzyl alcohol;\u00a0 Mentha spicata oil; Limonene<\/span><\/h6>\n","protected":false},"featured_media":12259,"comment_status":"open","ping_status":"closed","template":"","meta":{"_themeisle_gutenberg_block_has_review":false},"product_brand":[],"product_cat":[15],"product_tag":[],"class_list":{"0":"post-12274","1":"product","2":"type-product","3":"status-publish","4":"has-post-thumbnail","6":"product_cat-uncategorized","7":"description-off","9":"first","10":"instock","11":"shipping-taxable","12":"purchasable","13":"product-type-simple"},"_links":{"self":[{"href":"https:\/\/skinmonarch.com\/lt\/wp-json\/wp\/v2\/product\/12274","targetHints":{"allow":["GET"]}}],"collection":[{"href":"https:\/\/skinmonarch.com\/lt\/wp-json\/wp\/v2\/product"}],"about":[{"href":"https:\/\/skinmonarch.com\/lt\/wp-json\/wp\/v2\/types\/product"}],"replies":[{"embeddable":true,"href":"https:\/\/skinmonarch.com\/lt\/wp-json\/wp\/v2\/comments?post=12274"}],"wp:featuredmedia":[{"embeddable":true,"href":"https:\/\/skinmonarch.com\/lt\/wp-json\/wp\/v2\/media\/12259"}],"wp:attachment":[{"href":"https:\/\/skinmonarch.com\/lt\/wp-json\/wp\/v2\/media?parent=12274"}],"wp:term":[{"taxonomy":"product_brand","embeddable":true,"href":"https:\/\/skinmonarch.com\/lt\/wp-json\/wp\/v2\/product_brand?post=12274"},{"taxonomy":"product_cat","embeddable":true,"href":"https:\/\/skinmonarch.com\/lt\/wp-json\/wp\/v2\/product_cat?post=12274"},{"taxonomy":"product_tag","embeddable":true,"href":"https:\/\/skinmonarch.com\/lt\/wp-json\/wp\/v2\/product_tag?post=12274"}],"curies":[{"name":"wp","href":"https:\/\/api.w.org\/{rel}","templated":true}]}}