{"id":12366,"date":"2019-01-03T12:19:47","date_gmt":"2019-01-03T14:21:21","guid":{"rendered":"https:\/\/skinmonarch.com\/?post_type=product&#038;p=12366"},"modified":"2019-01-03T12:19:47","modified_gmt":"2019-01-03T14:21:21","slug":"skin-monarch-baltas-konturinis-piestukas","status":"publish","type":"product","link":"https:\/\/skinmonarch.com\/lt\/product\/skin-monarch-baltas-konturinis-piestukas\/","title":{"rendered":"Skin Monarch Baltas Kont\u016brinis Pie\u0161tukas"},"content":{"rendered":"<h6>Kiekis: 1 pie\u0161tukas<\/h6>\n","protected":false},"excerpt":{"rendered":"<h6>Geriausios kokyb\u0117s\u00a0 kont\u016brinis pie\u0161tukas pa\u017eym\u0117ti specialias zonas<\/h6>\n<h6><b>Galima naudoti:<\/b><\/h6>\n<h6>Permanentiniam makia\u017eui<\/h6>\n<h6>Microbladingui,<\/h6>\n<h6>Mezoterapijai,<\/h6>\n<h6>U\u017epild\u0173 leidimui,<\/h6>\n<h6>Pie\u0161tukas yra baltas, atsparus vandeniui, turi dro\u0161tuk\u0105 ir liniuot\u0119.<\/h6>\n","protected":false},"featured_media":12363,"comment_status":"open","ping_status":"closed","template":"","meta":{"_themeisle_gutenberg_block_has_review":false},"product_brand":[],"product_cat":[283],"product_tag":[],"class_list":{"0":"post-12366","1":"product","2":"type-product","3":"status-publish","4":"has-post-thumbnail","6":"product_cat-aksesuarai","7":"description-off","9":"first","10":"instock","11":"shipping-taxable","12":"purchasable","13":"product-type-simple"},"_links":{"self":[{"href":"https:\/\/skinmonarch.com\/lt\/wp-json\/wp\/v2\/product\/12366","targetHints":{"allow":["GET"]}}],"collection":[{"href":"https:\/\/skinmonarch.com\/lt\/wp-json\/wp\/v2\/product"}],"about":[{"href":"https:\/\/skinmonarch.com\/lt\/wp-json\/wp\/v2\/types\/product"}],"replies":[{"embeddable":true,"href":"https:\/\/skinmonarch.com\/lt\/wp-json\/wp\/v2\/comments?post=12366"}],"wp:featuredmedia":[{"embeddable":true,"href":"https:\/\/skinmonarch.com\/lt\/wp-json\/wp\/v2\/media\/12363"}],"wp:attachment":[{"href":"https:\/\/skinmonarch.com\/lt\/wp-json\/wp\/v2\/media?parent=12366"}],"wp:term":[{"taxonomy":"product_brand","embeddable":true,"href":"https:\/\/skinmonarch.com\/lt\/wp-json\/wp\/v2\/product_brand?post=12366"},{"taxonomy":"product_cat","embeddable":true,"href":"https:\/\/skinmonarch.com\/lt\/wp-json\/wp\/v2\/product_cat?post=12366"},{"taxonomy":"product_tag","embeddable":true,"href":"https:\/\/skinmonarch.com\/lt\/wp-json\/wp\/v2\/product_tag?post=12366"}],"curies":[{"name":"wp","href":"https:\/\/api.w.org\/{rel}","templated":true}]}}