{"id":12388,"date":"2019-01-03T12:54:22","date_gmt":"2019-01-03T14:56:29","guid":{"rendered":"https:\/\/skinmonarch.com\/?post_type=product&#038;p=12388"},"modified":"2025-02-01T10:45:50","modified_gmt":"2025-02-01T10:45:50","slug":"prince-touch-250-aparato-rankenele","status":"publish","type":"product","link":"https:\/\/skinmonarch.com\/lt\/produktas\/prince-touch-250-aparato-rankenele\/","title":{"rendered":"Prince Touch 250 aparato ranken\u0117l\u0117"},"content":{"rendered":"<h6>Kiekis: 1 ranken\u0117l\u0117<\/h6>\n","protected":false},"excerpt":{"rendered":"<h6>\u2705 Aparato ranken\u0117l\u0117 turi voki\u0161k\u0105 varikliuk\u0105, ma\u017eiau vibracijos, ma\u017eiau triuk\u0161mo<\/h6>\n<h6>\u2705 Greitis iki 250 adatos d\u016bri\u0173 per sekund\u0119<\/h6>\n","protected":false},"featured_media":12384,"comment_status":"open","ping_status":"closed","template":"","meta":{"_themeisle_gutenberg_block_has_review":false},"product_brand":[],"product_cat":[],"product_tag":[],"class_list":{"0":"post-12388","1":"product","2":"type-product","3":"status-publish","4":"has-post-thumbnail","6":"description-off","8":"first","9":"instock","10":"shipping-taxable","11":"purchasable","12":"product-type-simple"},"_links":{"self":[{"href":"https:\/\/skinmonarch.com\/lt\/wp-json\/wp\/v2\/product\/12388","targetHints":{"allow":["GET"]}}],"collection":[{"href":"https:\/\/skinmonarch.com\/lt\/wp-json\/wp\/v2\/product"}],"about":[{"href":"https:\/\/skinmonarch.com\/lt\/wp-json\/wp\/v2\/types\/product"}],"replies":[{"embeddable":true,"href":"https:\/\/skinmonarch.com\/lt\/wp-json\/wp\/v2\/comments?post=12388"}],"wp:featuredmedia":[{"embeddable":true,"href":"https:\/\/skinmonarch.com\/lt\/wp-json\/wp\/v2\/media\/12384"}],"wp:attachment":[{"href":"https:\/\/skinmonarch.com\/lt\/wp-json\/wp\/v2\/media?parent=12388"}],"wp:term":[{"taxonomy":"product_brand","embeddable":true,"href":"https:\/\/skinmonarch.com\/lt\/wp-json\/wp\/v2\/product_brand?post=12388"},{"taxonomy":"product_cat","embeddable":true,"href":"https:\/\/skinmonarch.com\/lt\/wp-json\/wp\/v2\/product_cat?post=12388"},{"taxonomy":"product_tag","embeddable":true,"href":"https:\/\/skinmonarch.com\/lt\/wp-json\/wp\/v2\/product_tag?post=12388"}],"curies":[{"name":"wp","href":"https:\/\/api.w.org\/{rel}","templated":true}]}}