{"id":12601,"date":"2019-02-20T11:37:18","date_gmt":"2019-02-20T13:37:18","guid":{"rendered":"http:\/\/skinmonarch.com\/?post_type=product&#038;p=12601"},"modified":"2025-01-28T00:09:03","modified_gmt":"2025-01-28T00:09:03","slug":"m-removal-rinkinys-kartu-su-baziniais-mokymais","status":"publish","type":"product","link":"https:\/\/skinmonarch.com\/lt\/produktas\/m-removal-rinkinys-kartu-su-baziniais-mokymais\/","title":{"rendered":"M REMOVAL rinkinys kartu su baziniais mokymais"},"content":{"rendered":"<h6><\/h6>\n<h6><\/h6>\n","protected":false},"excerpt":{"rendered":"<p><b>Skin Monarch M REMOVAL\u201c rinkinyje yra:<\/b><\/p>\n<p>Microblading adatos: 5R, 7R, 21R (3 d\u0117\u017eut\u0117s)<br \/>\nMTS Microneedle Kartrid\u017eai 12P, 36P, 42P (3vnt kiekvieno dyd\u017eio)<\/p>\n<p>Microblading laikiklis (1 vnt.);<\/p>\n<p>Kosmetin\u0117 (1 vnt.);<\/p>\n<p>Valymo putos (1 butelis);<\/p>\n<p>Mikro\u00a0 aplikatoriai (1 d\u0117\u017eut\u0117);<br \/>\nMed\u017eiaga praktikai (1 vnt)<\/p>\n<p>Neutraliser (1 pcs.);<\/p>\n<p>M Removal (1pcs.);<\/p>\n<p>Master care kremas (1 vnt.);<\/p>\n<p>Valymo gelis (7 vnt.);<\/p>\n<p>Scarcare gelis (7 vnt.);<\/p>\n<p>Perfect finish (1pcs.)<\/p>\n<p>Nemokama registracija \u012f \u201eM REMOVAL\u201c online mokymus pagal M STUDY internetinio \u0161vietimo sistem\u0105:<\/p>\n<p><a href=\"https:\/\/skinmonarch.thinkific.com\">skinmonarch.thinkific.com<\/a><\/p>\n","protected":false},"featured_media":33242,"comment_status":"open","ping_status":"closed","template":"","meta":{"_themeisle_gutenberg_block_has_review":false},"product_brand":[],"product_cat":[],"product_tag":[],"class_list":{"0":"post-12601","1":"product","2":"type-product","3":"status-publish","4":"has-post-thumbnail","6":"description-off","8":"first","9":"instock","10":"shipping-taxable","11":"purchasable","12":"product-type-simple"},"_links":{"self":[{"href":"https:\/\/skinmonarch.com\/lt\/wp-json\/wp\/v2\/product\/12601","targetHints":{"allow":["GET"]}}],"collection":[{"href":"https:\/\/skinmonarch.com\/lt\/wp-json\/wp\/v2\/product"}],"about":[{"href":"https:\/\/skinmonarch.com\/lt\/wp-json\/wp\/v2\/types\/product"}],"replies":[{"embeddable":true,"href":"https:\/\/skinmonarch.com\/lt\/wp-json\/wp\/v2\/comments?post=12601"}],"wp:featuredmedia":[{"embeddable":true,"href":"https:\/\/skinmonarch.com\/lt\/wp-json\/wp\/v2\/media\/33242"}],"wp:attachment":[{"href":"https:\/\/skinmonarch.com\/lt\/wp-json\/wp\/v2\/media?parent=12601"}],"wp:term":[{"taxonomy":"product_brand","embeddable":true,"href":"https:\/\/skinmonarch.com\/lt\/wp-json\/wp\/v2\/product_brand?post=12601"},{"taxonomy":"product_cat","embeddable":true,"href":"https:\/\/skinmonarch.com\/lt\/wp-json\/wp\/v2\/product_cat?post=12601"},{"taxonomy":"product_tag","embeddable":true,"href":"https:\/\/skinmonarch.com\/lt\/wp-json\/wp\/v2\/product_tag?post=12601"}],"curies":[{"name":"wp","href":"https:\/\/api.w.org\/{rel}","templated":true}]}}