{"id":12702,"date":"2019-03-18T08:45:30","date_gmt":"2019-03-18T11:03:13","guid":{"rendered":"https:\/\/skinmonarch.com\/?post_type=product&#038;p=12702"},"modified":"2025-02-01T10:36:11","modified_gmt":"2025-02-01T10:36:11","slug":"pigmentai-antakiams-avant-garde-linija","status":"publish","type":"product","link":"https:\/\/skinmonarch.com\/lt\/produktas\/pigmentai-antakiams-avant-garde-linija\/","title":{"rendered":"Skin Monarch Avant-Garde Linijos Antaki\u0173 Pigmentai (5ml)"},"content":{"rendered":"<h6>Kiekis: 5ml.<\/h6>\n<h6>Sud\u0117tis: distilled water, Propylene Glycol, alcohol, Glycerin, PEG- 8<\/h6>\n<h6>Pagaminta Vokietijoje<\/h6>\n","protected":false},"excerpt":{"rendered":"<h6 style=\"font-weight: 400;\"><b><strong><span style=\"font-weight: inherit;\">Avantgarde\u00a0<\/span><\/strong><\/b><span style=\"font-weight: inherit;\">linija, tai naujos kartos pigmentai\u00a0 pagaminti lengvesniam \u012fvedimui \u012f od\u0105.<\/span><\/h6>\n<h6 style=\"font-weight: 400;\"><span style=\"font-weight: inherit;\">\u0160ioje pigment linijoje sumai\u0161ytas organinins ir neorganinis pigmentai, tad gal\u0117site atlikti \u0161ias technikas: Pixel, Shading, Ombre, trichopigmentation, Microblading.<\/span><\/h6>\n<h6 style=\"font-weight: 400;\"><b><strong><span style=\"font-weight: inherit;\">Skin Monarch akademijos pigmentai yra pagaminti i\u0161 geriausi\u0173 sertifikuot\u0173 ingredient\u0173 pasaulyje. Speciali formul\u0117 sukurta siekiant pagreitinti \u012fvedim\u0105, o sugijus i\u0161liekamumas, net 60 \u2013 80 %.<\/span><\/strong><\/b><\/h6>\n<h6 style=\"font-weight: 400;\"><span style=\"font-weight: inherit;\">\u0160ie pigmentai yra vientisos konsistencijos ir stabilios spalvos, tai padeda greitesniam gijimui. Pigmentas yra smulkios molekulin\u0117s mas\u0117s, tod\u0117l skverbimasis \u012f od\u0105 lengvesnis, maziau pa\u017eeidim\u0173 proced\u016bros metu kas turi teigiama efekt\u0105 odos gijimui ir greitesniam odos atsistatymui. Pigmnetai atrodo naturaliai ir ilgiau i\u0161lieka odoje.<\/span><\/h6>\n<h6 style=\"font-weight: 400;\"><b><strong><span style=\"font-weight: inherit;\">Avant \u2013 Garde<\/span><\/strong><\/b><span style=\"font-weight: inherit;\">\u00a0linijos pigmentai tinka \u0161ioms permanentinio makia\u017eo technikomis:<\/span><\/h6>\n<h6 style=\"font-weight: 400;\"><span style=\"font-weight: inherit;\">PIXEL<\/span><\/h6>\n<h6 style=\"font-weight: 400;\"><span style=\"font-weight: inherit;\">OMBRE SHADING<\/span><\/h6>\n<h6 style=\"font-weight: 400;\"><span style=\"font-weight: inherit;\">TRICHOPIGMENTATION<\/span><\/h6>\n<h6 style=\"font-weight: 400;\"><span style=\"font-weight: inherit;\">MICROBLADING<\/span><\/h6>\n<p>&nbsp;<\/p>\n<h6 style=\"font-weight: 400;\"><span style=\"font-weight: inherit;\">Pigmentas i\u0161karto pasisavinamas \u012f epiderm\u012f ir \u012fgauna ideal\u0173 spalvos intensyvum\u0105 per\u00a0 kelias dienas. Labai koncentruotas pigmentas turi auk\u0161t\u0105 spalvingumo tank\u012f, tad net vir\u0161utiniuose odos sluoksniuose pigmentas \u012fvedamas.<\/span><\/h6>\n<h6 style=\"font-weight: 400;\"><b><strong><span style=\"font-weight: inherit;\">M\u016bs\u0173 pigmentai atitinka visus saugos reikalavimus ir buvo atliekami visi reikalingi testai pagal REACH 2022<\/span><\/strong><\/b><\/h6>\n<h6 style=\"font-weight: 400;\"><b><strong><span style=\"font-weight: inherit;\">Pagaminta Vokietijoje<\/span><\/strong><\/b><\/h6>\n<h6 style=\"font-weight: 400;\"><b><strong><span style=\"font-weight: inherit;\">Kiekis: 5ml<\/span><\/strong><\/b><\/h6>\n","protected":false},"featured_media":33154,"comment_status":"open","ping_status":"closed","template":"","meta":{"_themeisle_gutenberg_block_has_review":false},"product_brand":[],"product_cat":[],"product_tag":[],"class_list":{"0":"post-12702","1":"product","2":"type-product","3":"status-publish","4":"has-post-thumbnail","6":"description-off","8":"first","9":"outofstock","10":"shipping-taxable","11":"purchasable","12":"product-type-variable"},"_links":{"self":[{"href":"https:\/\/skinmonarch.com\/lt\/wp-json\/wp\/v2\/product\/12702","targetHints":{"allow":["GET"]}}],"collection":[{"href":"https:\/\/skinmonarch.com\/lt\/wp-json\/wp\/v2\/product"}],"about":[{"href":"https:\/\/skinmonarch.com\/lt\/wp-json\/wp\/v2\/types\/product"}],"replies":[{"embeddable":true,"href":"https:\/\/skinmonarch.com\/lt\/wp-json\/wp\/v2\/comments?post=12702"}],"wp:featuredmedia":[{"embeddable":true,"href":"https:\/\/skinmonarch.com\/lt\/wp-json\/wp\/v2\/media\/33154"}],"wp:attachment":[{"href":"https:\/\/skinmonarch.com\/lt\/wp-json\/wp\/v2\/media?parent=12702"}],"wp:term":[{"taxonomy":"product_brand","embeddable":true,"href":"https:\/\/skinmonarch.com\/lt\/wp-json\/wp\/v2\/product_brand?post=12702"},{"taxonomy":"product_cat","embeddable":true,"href":"https:\/\/skinmonarch.com\/lt\/wp-json\/wp\/v2\/product_cat?post=12702"},{"taxonomy":"product_tag","embeddable":true,"href":"https:\/\/skinmonarch.com\/lt\/wp-json\/wp\/v2\/product_tag?post=12702"}],"curies":[{"name":"wp","href":"https:\/\/api.w.org\/{rel}","templated":true}]}}