{"id":12795,"date":"2019-03-21T11:23:01","date_gmt":"2019-03-21T13:33:40","guid":{"rendered":"https:\/\/skinmonarch.com\/?post_type=product&#038;p=12795"},"modified":"2025-01-27T23:54:28","modified_gmt":"2025-01-27T23:54:28","slug":"skin-monarch-baron-360-tik-maitinimo-blokas","status":"publish","type":"product","link":"https:\/\/skinmonarch.com\/lt\/produktas\/skin-monarch-baron-360-tik-maitinimo-blokas\/","title":{"rendered":"Skin Monarch Baron 360 (tik maitinimo blokas)"},"content":{"rendered":"<h6>2 dizainai: vision ir skull (funkcija yra tokia pati)<\/h6>\n","protected":false},"excerpt":{"rendered":"<h6><b>Skin Monarch Baron 360 (tik valdymo blokas)<br \/>\n<\/b><\/h6>\n<h6><b>Techniniai parametrai:<\/b><\/h6>\n<h6>Modelis: Skin Monarch Baron 360<\/h6>\n<h6>\u012e\u0117jimo \u012ftampos diapazonas: 90 &#8211; 240V<\/h6>\n<h6>\u012e\u0117jimo \u012ftampos da\u017enis: 50 &#8211; 60 Hz<\/h6>\n<h6>I\u0161\u0117jimo galia: 0,3W &#8211; 45W<\/h6>\n<h6>I\u0161\u0117jimo \u012ftampos diapazonas: 3 &#8211; 18V, reguliuojamas i\u0161\u0117jimo \u012ftampos tikslumas + &#8211; 0,1V<\/h6>\n<h6>I\u0161\u0117jimo srov\u0117: 0 &#8211; 2A, tikslumas + &#8211; 0,1a. Su apsauga nuo srov\u0117s perkrovos<\/h6>\n<h6>Darbin\u0117 aplinkos temperat\u016bra: 5C &#8211; 40C<\/h6>\n<h6>Darbinis aplinkos dr\u0117gnumas: 30% &#8211; 75%<\/h6>\n<h6>Darbinis aplinkos oro sl\u0117gis: 900 &#8211; 1600 Hpa<\/h6>\n","protected":false},"featured_media":12793,"comment_status":"open","ping_status":"closed","template":"","meta":{"_themeisle_gutenberg_block_has_review":false},"product_brand":[],"product_cat":[],"product_tag":[],"class_list":{"0":"post-12795","1":"product","2":"type-product","3":"status-publish","4":"has-post-thumbnail","6":"description-off","8":"first","9":"outofstock","10":"shipping-taxable","11":"purchasable","12":"product-type-variable"},"_links":{"self":[{"href":"https:\/\/skinmonarch.com\/lt\/wp-json\/wp\/v2\/product\/12795","targetHints":{"allow":["GET"]}}],"collection":[{"href":"https:\/\/skinmonarch.com\/lt\/wp-json\/wp\/v2\/product"}],"about":[{"href":"https:\/\/skinmonarch.com\/lt\/wp-json\/wp\/v2\/types\/product"}],"replies":[{"embeddable":true,"href":"https:\/\/skinmonarch.com\/lt\/wp-json\/wp\/v2\/comments?post=12795"}],"wp:featuredmedia":[{"embeddable":true,"href":"https:\/\/skinmonarch.com\/lt\/wp-json\/wp\/v2\/media\/12793"}],"wp:attachment":[{"href":"https:\/\/skinmonarch.com\/lt\/wp-json\/wp\/v2\/media?parent=12795"}],"wp:term":[{"taxonomy":"product_brand","embeddable":true,"href":"https:\/\/skinmonarch.com\/lt\/wp-json\/wp\/v2\/product_brand?post=12795"},{"taxonomy":"product_cat","embeddable":true,"href":"https:\/\/skinmonarch.com\/lt\/wp-json\/wp\/v2\/product_cat?post=12795"},{"taxonomy":"product_tag","embeddable":true,"href":"https:\/\/skinmonarch.com\/lt\/wp-json\/wp\/v2\/product_tag?post=12795"}],"curies":[{"name":"wp","href":"https:\/\/api.w.org\/{rel}","templated":true}]}}