{"id":21708,"date":"2019-11-19T09:28:53","date_gmt":"2019-11-19T11:30:55","guid":{"rendered":"https:\/\/skinmonarch.com\/?post_type=product&#038;p=21708"},"modified":"2019-11-19T09:28:53","modified_gmt":"2019-11-19T11:30:55","slug":"gelinis-eskizo-rasiklis","status":"publish","type":"product","link":"https:\/\/skinmonarch.com\/lt\/product\/gelinis-eskizo-rasiklis\/","title":{"rendered":"Gelinis Eskizo Ra\u0161iklis"},"content":{"rendered":"<h6>1vnt.<\/h6>\n<h6>Dvi spalvos: Raudona ir Juoda<\/h6>\n","protected":false},"excerpt":{"rendered":"<h6 style=\"text-align: justify;\">Profesionalus Skin Monarch\u00a0PMU ir Microblading\u00a0gelinis ra\u0161iklis. Puikios formos su plona antgalio galvut\u0117 tiksliasniam \u017eym\u0117jimui ir lengvesniam darbui atliekant bet koki\u0105 PMU proced\u016br\u0105. Ra\u0161iklis yra atsparus vandeniui, kad meistras gal\u0117t\u0173 dirbti reiklioje aplinkoje.<\/h6>\n","protected":false},"featured_media":21706,"comment_status":"open","ping_status":"closed","template":"","meta":{"_themeisle_gutenberg_block_has_review":false},"product_brand":[],"product_cat":[283],"product_tag":[],"class_list":{"0":"post-21708","1":"product","2":"type-product","3":"status-publish","4":"has-post-thumbnail","6":"product_cat-aksesuarai","7":"description-off","9":"first","10":"instock","11":"shipping-taxable","12":"purchasable","13":"product-type-variable"},"_links":{"self":[{"href":"https:\/\/skinmonarch.com\/lt\/wp-json\/wp\/v2\/product\/21708","targetHints":{"allow":["GET"]}}],"collection":[{"href":"https:\/\/skinmonarch.com\/lt\/wp-json\/wp\/v2\/product"}],"about":[{"href":"https:\/\/skinmonarch.com\/lt\/wp-json\/wp\/v2\/types\/product"}],"replies":[{"embeddable":true,"href":"https:\/\/skinmonarch.com\/lt\/wp-json\/wp\/v2\/comments?post=21708"}],"wp:featuredmedia":[{"embeddable":true,"href":"https:\/\/skinmonarch.com\/lt\/wp-json\/wp\/v2\/media\/21706"}],"wp:attachment":[{"href":"https:\/\/skinmonarch.com\/lt\/wp-json\/wp\/v2\/media?parent=21708"}],"wp:term":[{"taxonomy":"product_brand","embeddable":true,"href":"https:\/\/skinmonarch.com\/lt\/wp-json\/wp\/v2\/product_brand?post=21708"},{"taxonomy":"product_cat","embeddable":true,"href":"https:\/\/skinmonarch.com\/lt\/wp-json\/wp\/v2\/product_cat?post=21708"},{"taxonomy":"product_tag","embeddable":true,"href":"https:\/\/skinmonarch.com\/lt\/wp-json\/wp\/v2\/product_tag?post=21708"}],"curies":[{"name":"wp","href":"https:\/\/api.w.org\/{rel}","templated":true}]}}