{"id":21716,"date":"2019-11-19T09:43:14","date_gmt":"2019-11-19T11:43:14","guid":{"rendered":"https:\/\/skinmonarch.com\/produktas\/waterproof-outline-pencil-light-brown\/"},"modified":"2019-11-19T09:43:14","modified_gmt":"2019-11-19T11:43:14","slug":"waterproof-outline-pencil-light-brown-2","status":"publish","type":"product","link":"https:\/\/skinmonarch.com\/lt\/product\/waterproof-outline-pencil-light-brown-2\/","title":{"rendered":"Vandeniui Atsparus Antaki\u0173 Pie\u0161tukas (\u0160viesiai Ruda)"},"content":{"rendered":"<h6>1vnt.<\/h6>\n","protected":false},"excerpt":{"rendered":"<h6 style=\"text-align: justify;\">Atsparus vandeniui ir ilgalaikis &#8211; greitai ir kokybi\u0161kai nuda\u017eo antakius ir neleid\u017eia spalvai i\u0161blukti vis\u0105 dien\u0105. Be to, antaki\u0173 pie\u0161tukas atsparus vandeniui, prakaitui.<\/h6>\n<h6 style=\"text-align: justify;\">Nelengva sulau\u017eyti &#8211; pie\u0161tukas n\u0117ra nei labai mink\u0161tas, nei kietas, tod\u0117l juo nesunkiai nupie\u0161ite nepriekai\u0161tingus antakius. Galima naudoti ilgesn\u012f laik\u0105, puikiai tinka naudoti kasdien, taip pat profesionaliam meistrui.<\/h6>\n","protected":false},"featured_media":21712,"comment_status":"open","ping_status":"closed","template":"","meta":{"_themeisle_gutenberg_block_has_review":false},"product_brand":[],"product_cat":[283],"product_tag":[],"class_list":{"0":"post-21716","1":"product","2":"type-product","3":"status-publish","4":"has-post-thumbnail","6":"product_cat-aksesuarai","7":"description-off","9":"first","10":"instock","11":"shipping-taxable","12":"purchasable","13":"product-type-simple"},"_links":{"self":[{"href":"https:\/\/skinmonarch.com\/lt\/wp-json\/wp\/v2\/product\/21716","targetHints":{"allow":["GET"]}}],"collection":[{"href":"https:\/\/skinmonarch.com\/lt\/wp-json\/wp\/v2\/product"}],"about":[{"href":"https:\/\/skinmonarch.com\/lt\/wp-json\/wp\/v2\/types\/product"}],"replies":[{"embeddable":true,"href":"https:\/\/skinmonarch.com\/lt\/wp-json\/wp\/v2\/comments?post=21716"}],"wp:featuredmedia":[{"embeddable":true,"href":"https:\/\/skinmonarch.com\/lt\/wp-json\/wp\/v2\/media\/21712"}],"wp:attachment":[{"href":"https:\/\/skinmonarch.com\/lt\/wp-json\/wp\/v2\/media?parent=21716"}],"wp:term":[{"taxonomy":"product_brand","embeddable":true,"href":"https:\/\/skinmonarch.com\/lt\/wp-json\/wp\/v2\/product_brand?post=21716"},{"taxonomy":"product_cat","embeddable":true,"href":"https:\/\/skinmonarch.com\/lt\/wp-json\/wp\/v2\/product_cat?post=21716"},{"taxonomy":"product_tag","embeddable":true,"href":"https:\/\/skinmonarch.com\/lt\/wp-json\/wp\/v2\/product_tag?post=21716"}],"curies":[{"name":"wp","href":"https:\/\/api.w.org\/{rel}","templated":true}]}}