{"id":22016,"date":"2020-01-27T08:38:17","date_gmt":"2020-01-27T10:38:17","guid":{"rendered":"https:\/\/skinmonarch.com\/?post_type=product&#038;p=22016"},"modified":"2020-01-27T08:38:17","modified_gmt":"2020-01-27T10:38:17","slug":"skin-monarch-antakiu-skustuvo-peiliukai-12vnt","status":"publish","type":"product","link":"https:\/\/skinmonarch.com\/lt\/product\/skin-monarch-antakiu-skustuvo-peiliukai-12vnt\/","title":{"rendered":"Skin Monarch antaki\u0173 skustuvo peiliukai (12vnt.)"},"content":{"rendered":"<h6>Auk\u0161tos kokyb\u0117s ner\u016bdijan\u010dio plieno peiliukai.<\/h6>\n<h6>Kiekis: 12 vnt.<\/h6>\n","protected":false},"excerpt":{"rendered":"<h6>Auk\u0161tos kokyb\u0117s ner\u016bdijan\u010dio plieno peiliukai.<\/h6>\n<h6>Specialiai sukurtas tiksliam ir saugiam naudojimui.<\/h6>\n<h6>Naudokite kartu su Skin Monarch antaki\u0173 skustuvu.<\/h6>\n","protected":false},"featured_media":22017,"comment_status":"open","ping_status":"closed","template":"","meta":{"_themeisle_gutenberg_block_has_review":false},"product_brand":[],"product_cat":[283],"product_tag":[],"class_list":{"0":"post-22016","1":"product","2":"type-product","3":"status-publish","4":"has-post-thumbnail","6":"product_cat-aksesuarai","7":"description-off","9":"first","10":"instock","11":"shipping-taxable","12":"purchasable","13":"product-type-simple"},"_links":{"self":[{"href":"https:\/\/skinmonarch.com\/lt\/wp-json\/wp\/v2\/product\/22016","targetHints":{"allow":["GET"]}}],"collection":[{"href":"https:\/\/skinmonarch.com\/lt\/wp-json\/wp\/v2\/product"}],"about":[{"href":"https:\/\/skinmonarch.com\/lt\/wp-json\/wp\/v2\/types\/product"}],"replies":[{"embeddable":true,"href":"https:\/\/skinmonarch.com\/lt\/wp-json\/wp\/v2\/comments?post=22016"}],"wp:featuredmedia":[{"embeddable":true,"href":"https:\/\/skinmonarch.com\/lt\/wp-json\/wp\/v2\/media\/22017"}],"wp:attachment":[{"href":"https:\/\/skinmonarch.com\/lt\/wp-json\/wp\/v2\/media?parent=22016"}],"wp:term":[{"taxonomy":"product_brand","embeddable":true,"href":"https:\/\/skinmonarch.com\/lt\/wp-json\/wp\/v2\/product_brand?post=22016"},{"taxonomy":"product_cat","embeddable":true,"href":"https:\/\/skinmonarch.com\/lt\/wp-json\/wp\/v2\/product_cat?post=22016"},{"taxonomy":"product_tag","embeddable":true,"href":"https:\/\/skinmonarch.com\/lt\/wp-json\/wp\/v2\/product_tag?post=22016"}],"curies":[{"name":"wp","href":"https:\/\/api.w.org\/{rel}","templated":true}]}}