{"id":22025,"date":"2020-01-27T08:44:37","date_gmt":"2020-01-27T10:44:37","guid":{"rendered":"https:\/\/skinmonarch.com\/?post_type=product&#038;p=22025"},"modified":"2020-01-27T08:44:37","modified_gmt":"2020-01-27T10:44:37","slug":"skin-monarch-antakiu-sepetelis-1vnt","status":"publish","type":"product","link":"https:\/\/skinmonarch.com\/lt\/product\/skin-monarch-antakiu-sepetelis-1vnt\/","title":{"rendered":"Skin Monarch antaki\u0173 \u0161epet\u0117lis (1vnt.)"},"content":{"rendered":"<h6>Dydis: ilgis 10cm<\/h6>\n<h6>Spalva: juoda<\/h6>\n","protected":false},"excerpt":{"rendered":"<h6><b>Apib\u016bdinimas:<\/b><\/h6>\n<h6>&#8211; Galima naudoti kaip blakstien\u0173 \u0161epet\u0117l\u012f, taip pat galima naudoti kaip antaki\u0173 \u0161epet\u0117l\u012f<\/h6>\n<h6>&#8211; Lengva naudoti ir patogu ne\u0161iotis<\/h6>\n<h6>&#8211; Dydis: ilgis 10cm<\/h6>\n<h6>&#8211; Spalva: juoda<\/h6>\n","protected":false},"featured_media":22026,"comment_status":"open","ping_status":"closed","template":"","meta":{"_themeisle_gutenberg_block_has_review":false},"product_brand":[],"product_cat":[283],"product_tag":[],"class_list":{"0":"post-22025","1":"product","2":"type-product","3":"status-publish","4":"has-post-thumbnail","6":"product_cat-aksesuarai","7":"description-off","9":"first","10":"instock","11":"shipping-taxable","12":"purchasable","13":"product-type-simple"},"_links":{"self":[{"href":"https:\/\/skinmonarch.com\/lt\/wp-json\/wp\/v2\/product\/22025","targetHints":{"allow":["GET"]}}],"collection":[{"href":"https:\/\/skinmonarch.com\/lt\/wp-json\/wp\/v2\/product"}],"about":[{"href":"https:\/\/skinmonarch.com\/lt\/wp-json\/wp\/v2\/types\/product"}],"replies":[{"embeddable":true,"href":"https:\/\/skinmonarch.com\/lt\/wp-json\/wp\/v2\/comments?post=22025"}],"wp:featuredmedia":[{"embeddable":true,"href":"https:\/\/skinmonarch.com\/lt\/wp-json\/wp\/v2\/media\/22026"}],"wp:attachment":[{"href":"https:\/\/skinmonarch.com\/lt\/wp-json\/wp\/v2\/media?parent=22025"}],"wp:term":[{"taxonomy":"product_brand","embeddable":true,"href":"https:\/\/skinmonarch.com\/lt\/wp-json\/wp\/v2\/product_brand?post=22025"},{"taxonomy":"product_cat","embeddable":true,"href":"https:\/\/skinmonarch.com\/lt\/wp-json\/wp\/v2\/product_cat?post=22025"},{"taxonomy":"product_tag","embeddable":true,"href":"https:\/\/skinmonarch.com\/lt\/wp-json\/wp\/v2\/product_tag?post=22025"}],"curies":[{"name":"wp","href":"https:\/\/api.w.org\/{rel}","templated":true}]}}