{"id":22042,"date":"2020-01-27T09:19:58","date_gmt":"2020-01-27T11:19:58","guid":{"rendered":"https:\/\/skinmonarch.com\/?post_type=product&#038;p=22042"},"modified":"2020-01-27T09:19:58","modified_gmt":"2020-01-27T11:19:58","slug":"skin-monarch-antakiu-zirklutes-1vnt","status":"publish","type":"product","link":"https:\/\/skinmonarch.com\/lt\/product\/skin-monarch-antakiu-zirklutes-1vnt\/","title":{"rendered":"Skin Monarch antaki\u0173 \u017eirklut\u0117s (1vnt.)"},"content":{"rendered":"<h6>Med\u017eiaga: ner\u016bdijantis plienas<\/h6>\n","protected":false},"excerpt":{"rendered":"<h6>Funkcijos:<\/h6>\n<h6>&#8211; Pagaminta i\u0161 auk\u0161tos kokyb\u0117s ner\u016bdijan\u010dio plieno, kuris apsaugo nuo r\u016bd\u017ei\u0173 ir d\u0117mi\u0173.<\/h6>\n<h6>&#8211; Ergonomi\u0161kas dizainas, patogus naudoti- ma\u017eas, tinkamas keliauti.<\/h6>\n<h6>&#8211; Apvalios \u017eirkl\u0117s, kad b\u016bt\u0173 galima saugiai kirpti aus\u0173, nosies ir antaki\u0173 plaukus.<\/h6>\n","protected":false},"featured_media":22043,"comment_status":"open","ping_status":"closed","template":"","meta":{"_themeisle_gutenberg_block_has_review":false},"product_brand":[],"product_cat":[283],"product_tag":[],"class_list":{"0":"post-22042","1":"product","2":"type-product","3":"status-publish","4":"has-post-thumbnail","6":"product_cat-aksesuarai","7":"description-off","9":"first","10":"instock","11":"shipping-taxable","12":"purchasable","13":"product-type-simple"},"_links":{"self":[{"href":"https:\/\/skinmonarch.com\/lt\/wp-json\/wp\/v2\/product\/22042","targetHints":{"allow":["GET"]}}],"collection":[{"href":"https:\/\/skinmonarch.com\/lt\/wp-json\/wp\/v2\/product"}],"about":[{"href":"https:\/\/skinmonarch.com\/lt\/wp-json\/wp\/v2\/types\/product"}],"replies":[{"embeddable":true,"href":"https:\/\/skinmonarch.com\/lt\/wp-json\/wp\/v2\/comments?post=22042"}],"wp:featuredmedia":[{"embeddable":true,"href":"https:\/\/skinmonarch.com\/lt\/wp-json\/wp\/v2\/media\/22043"}],"wp:attachment":[{"href":"https:\/\/skinmonarch.com\/lt\/wp-json\/wp\/v2\/media?parent=22042"}],"wp:term":[{"taxonomy":"product_brand","embeddable":true,"href":"https:\/\/skinmonarch.com\/lt\/wp-json\/wp\/v2\/product_brand?post=22042"},{"taxonomy":"product_cat","embeddable":true,"href":"https:\/\/skinmonarch.com\/lt\/wp-json\/wp\/v2\/product_cat?post=22042"},{"taxonomy":"product_tag","embeddable":true,"href":"https:\/\/skinmonarch.com\/lt\/wp-json\/wp\/v2\/product_tag?post=22042"}],"curies":[{"name":"wp","href":"https:\/\/api.w.org\/{rel}","templated":true}]}}