{"id":23006,"date":"2020-09-29T06:54:35","date_gmt":"2020-09-29T08:56:36","guid":{"rendered":"https:\/\/skinmonarch.com\/?post_type=product&#038;p=23006"},"modified":"2024-12-30T01:07:09","modified_gmt":"2024-12-30T01:07:09","slug":"baron-360-luxury-kartridzu-testinis-rinkinys-20-vnt","status":"publish","type":"product","link":"https:\/\/skinmonarch.com\/lt\/produktas\/baron-360-luxury-kartridzu-testinis-rinkinys-20-vnt\/","title":{"rendered":"Skin Monarch Luxury Kartrid\u017e\u0173 testinis rinkinys (20 vnt.)"},"content":{"rendered":"","protected":false},"excerpt":{"rendered":"<p><span style=\"color: #333333; font-family: Arial, sans-serif;\"><b>Skin Monarch Luxury Kartrid\u017eai<\/b><\/span><\/p>\n<p>Skin Monarch pristato auk\u0161\u010diausios kokyb\u0117s kartrid\u017eus skirtus profesionaliems permanentinio makia\u017eo ir tatuiravimo meistrams.<\/p>\n<p><b>Svarbu!<\/b><\/p>\n<p>D tipo antgalis visoms \u0161e\u0161eliavimo technikoms,\u00a0 daugiau vietos adatai ir geresnis pigmento tek\u0117jimas<\/p>\n<p>R tipo antgalis kont\u016bro proced\u016broms, plaukelinei ir pikselinei technikoms, aki\u0173 pravedimui, l\u016bp\u0173 kont\u016brui<\/p>\n<p><b>Privalumai:<\/b><\/p>\n<p>&#8211; Skaidrus plastikas- geresnis matomumas<\/p>\n<p>&#8211; Ypa\u010d susiaur\u0117jan\u010dios adatos<\/p>\n<p>&#8211; Su mink\u0161tu silikoniniu laikikliu &#8211; dar patogesniam darbui<\/p>\n<p>&#8211; Su naujovi\u0161ka pigmento talpos sistema<\/p>\n<p>&#8211; Adatos pagamintos i\u0161 316 medicininio ner\u016bdijan\u010dio plieno<\/p>\n<p>&#8211; 100% EO duj\u0173 sterilizuota ir individualiai supakuota<\/p>\n<p><b>Rinkin\u012f sudaro:<\/b><\/p>\n<p><span style=\"color: #333333; font-family: Arial, sans-serif;\">1 x 1RL 0.18 D-cap\u00a0 \u00a0|\u00a0 \u00a0<\/span>1 x 1RL 0.18 R-cap<\/p>\n<p><span style=\"color: #333333; font-family: Arial, sans-serif;\">1 x 1RL 0.22 D-cap\u00a0 \u00a0<\/span><span style=\"color: #333333; font-family: Arial, sans-serif;\">|\u00a0 \u00a0<\/span>1 x 1RL 0.22 R-cap<\/p>\n<p><span style=\"color: #333333; font-family: Arial, sans-serif;\">1 x 1RL 0.25 D-cap\u00a0 \u00a0<\/span><span style=\"color: #333333; font-family: Arial, sans-serif;\">|\u00a0 \u00a0<\/span>1 x 1RL 0.25 R-cap<\/p>\n<p><span style=\"color: #333333; font-family: Arial, sans-serif;\">3 x 1RL 0.30 D-cap\u00a0 \u00a0<\/span><span style=\"color: #333333; font-family: Arial, sans-serif;\">|\u00a0 \u00a03<\/span>\u00a0x 1RL 0.30 R-cap<\/p>\n<p><span style=\"color: #333333; font-family: Arial, sans-serif;\">2 x 3RL 0.18 D-cap\u00a0 \u00a0<\/span><span style=\"color: #333333; font-family: Arial, sans-serif;\">|\u00a0 \u00a02<\/span>\u00a0x 3RL 0.18 R-cap<\/p>\n<p><span style=\"color: #333333; font-family: Arial, sans-serif;\">1 x 3RL 0.22 D-cap\u00a0 \u00a0<\/span><span style=\"color: #333333; font-family: Arial, sans-serif;\">|\u00a0 \u00a0<\/span>1 x 3RL 0.22 R-cap<\/p>\n<p><span style=\"color: #333333; font-family: Arial, sans-serif;\">1 x 3RL 0.25 D-cap\u00a0 \u00a0|\u00a0 \u00a01 x 3RL 0.25 R-cap<\/span><\/p>\n","protected":false},"featured_media":23003,"comment_status":"open","ping_status":"closed","template":"","meta":{"_themeisle_gutenberg_block_has_review":false},"product_brand":[],"product_cat":[15],"product_tag":[],"class_list":{"0":"post-23006","1":"product","2":"type-product","3":"status-publish","4":"has-post-thumbnail","6":"product_cat-uncategorized","7":"description-off","9":"first","10":"instock","11":"shipping-taxable","12":"purchasable","13":"product-type-simple"},"_links":{"self":[{"href":"https:\/\/skinmonarch.com\/lt\/wp-json\/wp\/v2\/product\/23006","targetHints":{"allow":["GET"]}}],"collection":[{"href":"https:\/\/skinmonarch.com\/lt\/wp-json\/wp\/v2\/product"}],"about":[{"href":"https:\/\/skinmonarch.com\/lt\/wp-json\/wp\/v2\/types\/product"}],"replies":[{"embeddable":true,"href":"https:\/\/skinmonarch.com\/lt\/wp-json\/wp\/v2\/comments?post=23006"}],"wp:featuredmedia":[{"embeddable":true,"href":"https:\/\/skinmonarch.com\/lt\/wp-json\/wp\/v2\/media\/23003"}],"wp:attachment":[{"href":"https:\/\/skinmonarch.com\/lt\/wp-json\/wp\/v2\/media?parent=23006"}],"wp:term":[{"taxonomy":"product_brand","embeddable":true,"href":"https:\/\/skinmonarch.com\/lt\/wp-json\/wp\/v2\/product_brand?post=23006"},{"taxonomy":"product_cat","embeddable":true,"href":"https:\/\/skinmonarch.com\/lt\/wp-json\/wp\/v2\/product_cat?post=23006"},{"taxonomy":"product_tag","embeddable":true,"href":"https:\/\/skinmonarch.com\/lt\/wp-json\/wp\/v2\/product_tag?post=23006"}],"curies":[{"name":"wp","href":"https:\/\/api.w.org\/{rel}","templated":true}]}}