{"id":23942,"date":"2021-09-29T08:47:35","date_gmt":"2021-09-29T10:49:49","guid":{"rendered":"https:\/\/skinmonarch.com\/?post_type=product&#038;p=23942"},"modified":"2021-09-29T08:47:35","modified_gmt":"2021-09-29T10:49:49","slug":"skin-monarch-pixart-kartridzai-testinis-rinkinys","status":"publish","type":"product","link":"https:\/\/skinmonarch.com\/lt\/produktas\/skin-monarch-pixart-kartridzai-testinis-rinkinys\/","title":{"rendered":"Skin Monarch PixArt Kartrid\u017eai Testinis Rinkinys (20vnt)"},"content":{"rendered":"<p>SKIN MONARCH \u2013 tai auk\u010diausios kokyb\u0117s registruotas prekinis \u017eenklas. Permanentinio makia\u017eo, bei mezoterapijos srityje dirbame nuo 2011.<br \/>\nDaug met\u0173 ie\u0161kojome geriausi\u0173 produkt\u0173 savo klientams, bendradarbiaujame su \u017einomiausiomis pasaulyje kompanijomis.<br \/>\nPer \u0161iuos metus sukaupta patirtis paskatino mus sukurti SKIN MONARCH prekin\u012f \u017eenkl\u0105.<br \/>\nPrekiniu \u017eenklu SKIN MONARCH galima pasitik\u0117ti.<br \/>\nM\u016bs\u0173 produktuose naudojame tik geriausias, laiko patikrintas, med\u017eiagas.<br \/>\nVisi produktai yra sukurti remiantis naujausiomis tendencijomis ir produkt\u0173 gaminimo technologijomis.<br \/>\nSkin Monarch pristato auk\u0161\u010diausios kokyb\u0117s kartrid\u017eus skirtus profesionaliems permanentinio makia\u017eo ir tatuiravimo meistrams.<br \/>\nSkin Monarch Pixart Kartrid\u017e\u0173 Testinis Rinkinys skirtas permanentiniam l\u016bp\u0173 makia\u017eui, l\u016bp\u0173 kont\u016brui, aki\u0173 kont\u016bro ilgalaikiam makia\u017eui, permanentiniam antaki\u0173 makia\u017eui ir k\u016bno tatuiravimo proced\u016broms.<br \/>\nM\u016bs\u0173 si\u016blomas kartrid\u017eas &#8211; lankstus, bet tvirtas ir a\u0161trus, leid\u017eiantis pie\u0161ti nepriekai\u0161tingai \u0161varias linijas ir subtil\u0173 \u0161e\u0161\u0117l\u012f.<br \/>\nPigmento \u012fterpimas \u012f od\u0105 yra greitas ir tiesioginis. Tai leid\u017eia suma\u017einti odos pa\u017eeidimus, tai ypa\u010d svarbu greitam gijimui. Skin Monarch kartrid\u017eai yra labai patog\u016bs kokybi\u0161kam darbui.<br \/>\nNorint paspartinti tatuiruot\u0117s gijimo proces\u0105, rekomenduojame naudoti Perfect finish ir Master Care. Klient\u0173 prie\u017ei\u016brai namuose rekomenduojame naudoti Skin Monarch VIP After Care.<br \/>\nNepriklausomai nuo odos tipo, pasteb\u0117site padid\u0117jus\u012f ry\u0161kum\u0105, kuris \u012fp\u016bs kasdieninei rutinai pavasario spalv\u0173. Pigment\u0105 lengva \u012fterpti \u012f od\u0105.<br \/>\nNenuostabu, kad Skin Monarch kartrid\u017eai yra ypa\u010d populiar\u016bs tarp permanentinio makia\u017eo meistr\u0173.<br \/>\nSkin Monarch Pixart kartrid\u017eai pasi\u017eymi stabilumu ir u\u017etikrina skland\u0173, netrukdom\u0105 ra\u0161alo sraut\u0105.<br \/>\nM\u016bs\u0173 adatos yra pritaikytos auk\u0161tos klas\u0117s permanentinio makia\u017eo ma\u0161inoms. Skin Monarch kartrid\u017eai ir adatos yra a\u0161trios, paprastos naudoti ir u\u017etikrina, kad kiekvien\u0105 kart\u0105 gausite geriausius rezultatus.<br \/>\nGalima naudoti su: Skin Monarch Baron, Mast, Spektra, Cheyenne, Bellar, Colorica, EZ Tattoo ir kitais prietaisais, kuriuose naudojama kartrid\u017e\u0173 sistema.<br \/>\nTestiniame Skin Monarch pixart kartrid\u017e\u0173 rinkinyje:<br \/>\n1RL 0,18mm x 4vnt<br \/>\n1RL 0,25mm x 4vnt<br \/>\n1RL 0,30mm x 4vnt<br \/>\n1RL 0,35mm x 4vnt<br \/>\n3RL 0,18mm x 2vnt<br \/>\n3RS 0,25mm x 2vnt<br \/>\nPrivalumai:<br \/>\n&#8211; Skaidrus plastikas- geresnis matomumas.<br \/>\n&#8211; Ypa\u010d susiaur\u0117jan\u010dios adatos.<br \/>\n&#8211; Kokybi\u0161kas Permanentinis makia\u017eas.<br \/>\n&#8211; Su naujovi\u0161ka pigmento talpos sistema.<br \/>\n&#8211; Adatos pagamintos i\u0161 316 medicininio ner\u016bdijan\u010dio plieno.<br \/>\n&#8211; 100% EO duj\u0173 sterilizuota ir individualiai supakuota.<br \/>\nVienoje d\u0117\u017eut\u0117je &#8211; 20 kartrid\u017e\u0173.<\/p>\n","protected":false},"excerpt":{"rendered":"<p>Auk\u0161\u010diausios kokyb\u0117s Skin Monarch Pixart Permanentinio Makia\u017eo kartrid\u017e\u0173 testinis rinkinys.<br \/>\n100% EO sterilizuotos ir supakuotos atskirai.<br \/>\nVienoje d\u0117\u017eut\u0117je &#8211; 20 kartrid\u017e\u0173.<\/p>\n","protected":false},"featured_media":23923,"comment_status":"open","ping_status":"closed","template":"","meta":{"_themeisle_gutenberg_block_has_review":false},"product_brand":[],"product_cat":[15],"product_tag":[],"class_list":{"0":"post-23942","1":"product","2":"type-product","3":"status-publish","4":"has-post-thumbnail","6":"product_cat-uncategorized","7":"description-off","9":"first","10":"instock","11":"shipping-taxable","12":"purchasable","13":"product-type-simple"},"_links":{"self":[{"href":"https:\/\/skinmonarch.com\/lt\/wp-json\/wp\/v2\/product\/23942","targetHints":{"allow":["GET"]}}],"collection":[{"href":"https:\/\/skinmonarch.com\/lt\/wp-json\/wp\/v2\/product"}],"about":[{"href":"https:\/\/skinmonarch.com\/lt\/wp-json\/wp\/v2\/types\/product"}],"replies":[{"embeddable":true,"href":"https:\/\/skinmonarch.com\/lt\/wp-json\/wp\/v2\/comments?post=23942"}],"wp:featuredmedia":[{"embeddable":true,"href":"https:\/\/skinmonarch.com\/lt\/wp-json\/wp\/v2\/media\/23923"}],"wp:attachment":[{"href":"https:\/\/skinmonarch.com\/lt\/wp-json\/wp\/v2\/media?parent=23942"}],"wp:term":[{"taxonomy":"product_brand","embeddable":true,"href":"https:\/\/skinmonarch.com\/lt\/wp-json\/wp\/v2\/product_brand?post=23942"},{"taxonomy":"product_cat","embeddable":true,"href":"https:\/\/skinmonarch.com\/lt\/wp-json\/wp\/v2\/product_cat?post=23942"},{"taxonomy":"product_tag","embeddable":true,"href":"https:\/\/skinmonarch.com\/lt\/wp-json\/wp\/v2\/product_tag?post=23942"}],"curies":[{"name":"wp","href":"https:\/\/api.w.org\/{rel}","templated":true}]}}