{"id":24359,"date":"2022-02-23T07:31:30","date_gmt":"2022-02-23T09:33:32","guid":{"rendered":"https:\/\/skinmonarch.com\/?post_type=product&#038;p=24359"},"modified":"2024-12-30T23:46:54","modified_gmt":"2024-12-30T23:46:54","slug":"skin-monarch-duke-maitinimo-blokas","status":"publish","type":"product","link":"https:\/\/skinmonarch.com\/lt\/produktas\/skin-monarch-duke-maitinimo-blokas\/","title":{"rendered":"Skin Monarch DUKE Maitinimo Blokas"},"content":{"rendered":"<p>Skin Monarch naujausias, universalus, maitinimo blokas DUKE. Labai galingas, gali paleisti daugum\u0105 ranken\u0117li\u0173 nuo 3V (auk\u0161\u010diausia 12V).<br \/>\nRekomenduojamas darbinis volta\u017eas: 4-7V<br \/>\nPuikiai tinka PMU ranken\u0117l\u0117ms ir galingiems tatuiruo\u010di\u0173 aparatams.<br \/>\nNaudojimas: Palaikyti nuspaust\u0105 ratuk\u0105, \u012frenginio \u012fjungimui. Volta\u017eas reguliuojams ratuko sukimu.<br \/>\nGalima rinktis 3 spalvas: ro\u017ein\u0117, m\u0117t\u0173, pilka.<br \/>\nTechniniai parametrai:<br \/>\nModelis: Skin Monarch DUKE<br \/>\n\u012e\u0117jimo \u012ftampos diapazonas: 90 &#8211; 240V<br \/>\nI\u0161\u0117jimo \u012ftampos diapazonas: 2 &#8211; 12V, reguliuojamas i\u0161\u0117jimo \u012ftampos tikslumas + &#8211; 0,1V<br \/>\nGalima rinktis 3 spalvas: ro\u017ein\u0117, m\u0117t\u0173, pilka.<br \/>\n1 met\u0173 tarptautin\u0117 garantija<\/p>\n","protected":false},"excerpt":{"rendered":"<p>Skin Monarch naujausias, universalus, maitinimo blokas DUKE. Labai galingas, gali paleisti daugum\u0105 ranken\u0117li\u0173 nuo 3V (auk\u0161\u010diausia 12V).<br \/>\nPuikiai tinka PMU ranken\u0117l\u0117ms ir galingiems tatuiruo\u010di\u0173 aparatams.<br \/>\nPuikiai veikia su BARON 360 ranken\u0117le.<\/p>\n","protected":false},"featured_media":24348,"comment_status":"open","ping_status":"closed","template":"","meta":{"_themeisle_gutenberg_block_has_review":false},"product_brand":[],"product_cat":[15],"product_tag":[],"class_list":{"0":"post-24359","1":"product","2":"type-product","3":"status-publish","4":"has-post-thumbnail","6":"product_cat-uncategorized","7":"description-off","9":"first","10":"outofstock","11":"shipping-taxable","12":"purchasable","13":"product-type-variable"},"_links":{"self":[{"href":"https:\/\/skinmonarch.com\/lt\/wp-json\/wp\/v2\/product\/24359","targetHints":{"allow":["GET"]}}],"collection":[{"href":"https:\/\/skinmonarch.com\/lt\/wp-json\/wp\/v2\/product"}],"about":[{"href":"https:\/\/skinmonarch.com\/lt\/wp-json\/wp\/v2\/types\/product"}],"replies":[{"embeddable":true,"href":"https:\/\/skinmonarch.com\/lt\/wp-json\/wp\/v2\/comments?post=24359"}],"wp:featuredmedia":[{"embeddable":true,"href":"https:\/\/skinmonarch.com\/lt\/wp-json\/wp\/v2\/media\/24348"}],"wp:attachment":[{"href":"https:\/\/skinmonarch.com\/lt\/wp-json\/wp\/v2\/media?parent=24359"}],"wp:term":[{"taxonomy":"product_brand","embeddable":true,"href":"https:\/\/skinmonarch.com\/lt\/wp-json\/wp\/v2\/product_brand?post=24359"},{"taxonomy":"product_cat","embeddable":true,"href":"https:\/\/skinmonarch.com\/lt\/wp-json\/wp\/v2\/product_cat?post=24359"},{"taxonomy":"product_tag","embeddable":true,"href":"https:\/\/skinmonarch.com\/lt\/wp-json\/wp\/v2\/product_tag?post=24359"}],"curies":[{"name":"wp","href":"https:\/\/api.w.org\/{rel}","templated":true}]}}