{"id":24366,"date":"2022-02-23T07:43:54","date_gmt":"2022-02-23T09:49:02","guid":{"rendered":"https:\/\/skinmonarch.com\/?post_type=product&#038;p=24366"},"modified":"2024-12-30T23:46:47","modified_gmt":"2024-12-30T23:46:47","slug":"skin-monarch-essential-oils-eterinis-aliejus-lavender-5ml","status":"publish","type":"product","link":"https:\/\/skinmonarch.com\/lt\/produktas\/skin-monarch-essential-oils-eterinis-aliejus-lavender-5ml\/","title":{"rendered":"Skin Monarch Essential Oils Eterinis Aliejus LAVENDER (5ml)"},"content":{"rendered":"<p><strong>Panaudojimo b\u016bdai:<\/strong> aromaterapijai, kosmetikai, parfumerijai. Naudojamas garinimui elektriniuose eterini\u0173 aliej\u0173 garintuvuose, keraminiuose garintuvuose, inhaliacijoms, aromaterapin\u0117se voniose, masa\u017eams, kompresams, \u012ftrinimams.<br \/>\n<strong>Panaudojimas kosmetikos gamyboje:<\/strong> levand\u0173 eterinis aliejus naudojamas kosmetikos priemon\u0117se, raminan\u010diose od\u0105, nuo spuog\u0173, akn\u0117s, priemon\u0117se po skutimosi, po depiliacijos.<br \/>\nLevand\u0173 aliejus puikiai dera su daugeliu &#8211; apelsin\u0173, citrin\u0173, ramun\u0117li\u0173, kvapi\u0173j\u0173 \u0161alavij\u0173, pelargonij\u0173 &#8211; ir kitais eteriniais aliejais.<br \/>\n<strong>Levand\u0173 eterinis aliejus<\/strong> \u2013 vienas i\u0161 pagrindini\u0173 eterini\u0173 aliej\u0173, kur\u012f bet kuris aromaterapeutas rekomenduos tur\u0117ti kiekvienuose namuose! Tai plataus panaudojimo spektro eterinis aliejus, be kurio sunkiai \u012fsivaizduojama nat\u016bralios kosmetikos gamyba ir parfumerija.<br \/>\nTai vienas i\u0161 da\u017eniausiai naudojam\u0173 eterini\u0173 aliej\u0173 atpalaiduojantiems masa\u017eams, o taip pat masa\u017euojant pavargusius, \u012fsitempusius, skaudan\u010dius raumenis.<br \/>\n<strong>Lotyni\u0161kas pavadinimas:<\/strong> Lavandula angustifolia<br \/>\n<strong>Kilm\u0117s \u0161alis:<\/strong> Bulgarija<br \/>\n<strong>Pagrindiniai komponentai:<\/strong> Linalol, Linalyl acetate, Cis-Beta-Ocimene<br \/>\n<strong>Augalo dalis:<\/strong> \u017eiedai<br \/>\n<strong>Aromatas:<\/strong> g\u0117li\u0161kas, sald\u017eiai \u017eolinis.<\/p>\n","protected":false},"excerpt":{"rendered":"<p><strong>Lotyni\u0161kas pavadinimas:<\/strong> Lavandula angustifolia<br \/>\n<strong>Kilm\u0117s \u0161alis:<\/strong> Bulgarija<br \/>\n<strong>Pagrindiniai komponentai:<\/strong> Linalol, Linalyl acetate, Cis-Beta-Ocimene<br \/>\nAugalo dalis: \u017eiedai<br \/>\n<strong>Aromatas:<\/strong> g\u0117li\u0161kas, sald\u017eiai \u017eolinis.<\/p>\n","protected":false},"featured_media":24364,"comment_status":"open","ping_status":"closed","template":"","meta":{"_themeisle_gutenberg_block_has_review":false},"product_brand":[],"product_cat":[15],"product_tag":[],"class_list":{"0":"post-24366","1":"product","2":"type-product","3":"status-publish","4":"has-post-thumbnail","6":"product_cat-uncategorized","7":"description-off","9":"first","10":"instock","11":"shipping-taxable","12":"purchasable","13":"product-type-simple"},"_links":{"self":[{"href":"https:\/\/skinmonarch.com\/lt\/wp-json\/wp\/v2\/product\/24366","targetHints":{"allow":["GET"]}}],"collection":[{"href":"https:\/\/skinmonarch.com\/lt\/wp-json\/wp\/v2\/product"}],"about":[{"href":"https:\/\/skinmonarch.com\/lt\/wp-json\/wp\/v2\/types\/product"}],"replies":[{"embeddable":true,"href":"https:\/\/skinmonarch.com\/lt\/wp-json\/wp\/v2\/comments?post=24366"}],"wp:featuredmedia":[{"embeddable":true,"href":"https:\/\/skinmonarch.com\/lt\/wp-json\/wp\/v2\/media\/24364"}],"wp:attachment":[{"href":"https:\/\/skinmonarch.com\/lt\/wp-json\/wp\/v2\/media?parent=24366"}],"wp:term":[{"taxonomy":"product_brand","embeddable":true,"href":"https:\/\/skinmonarch.com\/lt\/wp-json\/wp\/v2\/product_brand?post=24366"},{"taxonomy":"product_cat","embeddable":true,"href":"https:\/\/skinmonarch.com\/lt\/wp-json\/wp\/v2\/product_cat?post=24366"},{"taxonomy":"product_tag","embeddable":true,"href":"https:\/\/skinmonarch.com\/lt\/wp-json\/wp\/v2\/product_tag?post=24366"}],"curies":[{"name":"wp","href":"https:\/\/api.w.org\/{rel}","templated":true}]}}