{"id":24382,"date":"2022-02-23T09:39:05","date_gmt":"2022-02-23T11:41:00","guid":{"rendered":"https:\/\/skinmonarch.com\/?post_type=product&#038;p=24382"},"modified":"2022-02-23T09:39:05","modified_gmt":"2022-02-23T11:41:00","slug":"skin-monarch-essential-oils-eterinis-aliejus-spearmint-5ml","status":"publish","type":"product","link":"https:\/\/skinmonarch.com\/lt\/produktas\/skin-monarch-essential-oils-eterinis-aliejus-spearmint-5ml\/","title":{"rendered":"Skin Monarch Essential Oils Eterinis Aliejus SPEARMINT (5ml)"},"content":{"rendered":"<p><strong>Panaudojimo b\u016bdai:<\/strong> aromaterapijai,kosmetikai,parfumerijai. Naudojamas garinimui elektriniuose eterini\u0173 aliej\u0173 garintuvuose, keraminiuose garintuvuose, inhaliacijoms, aromaterapin\u0117se voniose, masa\u017eams, kompresams, \u012ftrinimams.<br \/>\n<strong>Panaudojimas kosmetikos gamyboje:<\/strong> naudojama priemon\u0117se odos nie\u017e\u0117jimui raminti. Priemon\u0117se riebios odos prie\u017ei\u016brai, priemon\u0117se sutraukian\u010diose poras, skaistinan\u010diose odos spalv\u0105.<br \/>\nDera su kedr\u0173, kiparis\u0173, penkiagysli\u0173 mirteni\u0173, eukalipt\u0173, pelargonij\u0173, levand\u0173, citrin\u0173, rozmarin\u0173, pipirm\u0117\u010di\u0173, mandarin\u0173, mair\u016bno, pu\u0161ies eteriniais aliejais.<br \/>\n<strong>Lotyni\u0161kas pavadinimas:<\/strong> Mentha spicata<br \/>\n<strong>Kilm\u0117s \u0161alis:<\/strong> India<br \/>\n<strong>Pagrindiniai komponentai:<\/strong> 1-Carvone, 1-Limonene, Myrcene, beta-Caryophyllene<br \/>\n<strong>Augalo dalis:<\/strong> \u017eydin\u010dios vir\u0161\u016bn\u0117s<br \/>\n<strong>Aromatas:<\/strong> sald\u017eiai gaivus, m\u0117tinis; kvepia saldainiais-ledinukais<\/p>\n","protected":false},"excerpt":{"rendered":"<p><strong>Lotyni\u0161kas pavadinimas:<\/strong> Mentha spicata<br \/>\n<strong>Kilm\u0117s \u0161alis:<\/strong> India<br \/>\n<strong>Pagrindiniai komponentai:<\/strong> 1-Carvone, 1-Limonene, Myrcene, beta-Caryophyllene<br \/>\n<strong>Augalo dalis:<\/strong> \u017eydin\u010dios vir\u0161\u016bn\u0117s<br \/>\n<strong>Aromatas:<\/strong> sald\u017eiai gaivus, m\u0117tinis; kvepia saldainiais-ledinukais<\/p>\n","protected":false},"featured_media":24380,"comment_status":"open","ping_status":"closed","template":"","meta":{"_themeisle_gutenberg_block_has_review":false},"product_brand":[],"product_cat":[15],"product_tag":[],"class_list":{"0":"post-24382","1":"product","2":"type-product","3":"status-publish","4":"has-post-thumbnail","6":"product_cat-uncategorized","7":"description-off","9":"first","10":"instock","11":"shipping-taxable","12":"purchasable","13":"product-type-simple"},"_links":{"self":[{"href":"https:\/\/skinmonarch.com\/lt\/wp-json\/wp\/v2\/product\/24382","targetHints":{"allow":["GET"]}}],"collection":[{"href":"https:\/\/skinmonarch.com\/lt\/wp-json\/wp\/v2\/product"}],"about":[{"href":"https:\/\/skinmonarch.com\/lt\/wp-json\/wp\/v2\/types\/product"}],"replies":[{"embeddable":true,"href":"https:\/\/skinmonarch.com\/lt\/wp-json\/wp\/v2\/comments?post=24382"}],"wp:featuredmedia":[{"embeddable":true,"href":"https:\/\/skinmonarch.com\/lt\/wp-json\/wp\/v2\/media\/24380"}],"wp:attachment":[{"href":"https:\/\/skinmonarch.com\/lt\/wp-json\/wp\/v2\/media?parent=24382"}],"wp:term":[{"taxonomy":"product_brand","embeddable":true,"href":"https:\/\/skinmonarch.com\/lt\/wp-json\/wp\/v2\/product_brand?post=24382"},{"taxonomy":"product_cat","embeddable":true,"href":"https:\/\/skinmonarch.com\/lt\/wp-json\/wp\/v2\/product_cat?post=24382"},{"taxonomy":"product_tag","embeddable":true,"href":"https:\/\/skinmonarch.com\/lt\/wp-json\/wp\/v2\/product_tag?post=24382"}],"curies":[{"name":"wp","href":"https:\/\/api.w.org\/{rel}","templated":true}]}}