{"id":24484,"date":"2022-04-11T06:58:21","date_gmt":"2022-04-11T08:59:28","guid":{"rendered":"https:\/\/skinmonarch.com\/?post_type=product&#038;p=24484"},"modified":"2024-12-30T23:34:05","modified_gmt":"2024-12-30T23:34:05","slug":"skin-monarch-lupu-balzamas-braske-100-naturalus","status":"publish","type":"product","link":"https:\/\/skinmonarch.com\/lt\/produktas\/skin-monarch-lupu-balzamas-braske-100-naturalus\/","title":{"rendered":"Skin Monarch L\u016bp\u0173 Balzamas Bra\u0161k\u0117 100% Nat\u016bralus"},"content":{"rendered":"<p>L\u016bp\u0173 balzamas dr\u0117kina ir mink\u0161tinantis l\u016bpas, apsaugo jas nuo \u0161al\u010dio ir neigiamo aplinkos poveikio.<br \/>\nPie\u0161tukinis l\u016bp\u0173 balzamas su nat\u016braliu kakavos sviestu ir sviestmed\u017eio aliejumi &#8211; pa\u017eeistoms ir saus\u0117jan\u010dioms l\u016bpoms.<\/p>\n","protected":false},"excerpt":{"rendered":"<p>L\u016bp\u0173 balzamas dr\u0117kina ir mink\u0161tinantis l\u016bpas, apsaugo jas nuo \u0161al\u010dio ir neigiamo aplinkos poveikio.<br \/>\nPie\u0161tukinis l\u016bp\u0173 balzamas su nat\u016braliu kakavos sviestu ir sviestmed\u017eio aliejumi &#8211; pa\u017eeistoms ir saus\u0117jan\u010dioms l\u016bpoms.<br \/>\nAKTYV\u016aS INGREDIENTAI:<br \/>\nKakavos sviestas &#8211; savyje turi riebiuj\u0173 r\u016bg\u0161\u010di\u0173, d\u0117l to pasi\u017eymi stipriomis maitinan\u010diomis ir odos elastingum\u0105 didinan\u010diomis savyb\u0117mis. Kakavos svieste esan\u010dios riebiosios r\u016bg\u0161tys sudaro apsaugin\u012f barjer\u0105, kad sulaikyt\u0173 kuo daugiau dr\u0117gm\u0117s odos viduje.<br \/>\nKokos\u0173 aliejus &#8211; gana lengvai ir u\u017etikrintai absorbuojamas. Tokiu b\u016bdu yra pasiekiamas nuostabus dr\u0117kinimo ir kondicionavimo jausmas! Puikiai tinka sausai ir jautriai odai maitinti.<br \/>\nRicinos aliejus &#8211; labai \u0161velnus, tod\u0117l galima naudoti net ir jautriausiai odai dr\u0117kinti. D\u0117l savo savybi\u0173 tobulai tinka l\u016bp\u0173 prie\u017ei\u016bros priemon\u0117ms.<br \/>\nJojobos aliejus &#8211; vienas vertingiausias augalini\u0173 aliej\u0173 (va\u0161k\u0173), naudojam\u0173 kosmetikoje. \u0160is aliejus pana\u0161us \u012f \u017emogaus odos i\u0161skiriam\u0105 sebum\u0105, tod\u0117l oda j\u012f puikiai pasisavina, tad simondsij\u0173 aliejus labai vertinamas k\u016bno prie\u017ei\u016bros priemon\u0117se.<br \/>\nL\u016bp\u0173 balzame naudojamos tik 100% nat\u016bralios, ekologi\u0161kos kvapiosios med\u017eiagos ir neturi joki\u0173 sintetini\u0173 priemai\u0161\u0173.<br \/>\nINGREDIENTAI: Theobroma cocao butter, Cocos nucifera oil, Ricinus communis seed oil, Simondsia chinensis seed oil, Copernicia Cerifera (Carnauba) wax, Tocopherol, Mica, iron oxides, Parfum*<\/p>\n","protected":false},"featured_media":24482,"comment_status":"open","ping_status":"closed","template":"","meta":{"_themeisle_gutenberg_block_has_review":false},"product_brand":[],"product_cat":[15],"product_tag":[],"class_list":{"0":"post-24484","1":"product","2":"type-product","3":"status-publish","4":"has-post-thumbnail","6":"product_cat-uncategorized","7":"description-off","9":"first","10":"instock","11":"shipping-taxable","12":"purchasable","13":"product-type-simple"},"_links":{"self":[{"href":"https:\/\/skinmonarch.com\/lt\/wp-json\/wp\/v2\/product\/24484","targetHints":{"allow":["GET"]}}],"collection":[{"href":"https:\/\/skinmonarch.com\/lt\/wp-json\/wp\/v2\/product"}],"about":[{"href":"https:\/\/skinmonarch.com\/lt\/wp-json\/wp\/v2\/types\/product"}],"replies":[{"embeddable":true,"href":"https:\/\/skinmonarch.com\/lt\/wp-json\/wp\/v2\/comments?post=24484"}],"wp:featuredmedia":[{"embeddable":true,"href":"https:\/\/skinmonarch.com\/lt\/wp-json\/wp\/v2\/media\/24482"}],"wp:attachment":[{"href":"https:\/\/skinmonarch.com\/lt\/wp-json\/wp\/v2\/media?parent=24484"}],"wp:term":[{"taxonomy":"product_brand","embeddable":true,"href":"https:\/\/skinmonarch.com\/lt\/wp-json\/wp\/v2\/product_brand?post=24484"},{"taxonomy":"product_cat","embeddable":true,"href":"https:\/\/skinmonarch.com\/lt\/wp-json\/wp\/v2\/product_cat?post=24484"},{"taxonomy":"product_tag","embeddable":true,"href":"https:\/\/skinmonarch.com\/lt\/wp-json\/wp\/v2\/product_tag?post=24484"}],"curies":[{"name":"wp","href":"https:\/\/api.w.org\/{rel}","templated":true}]}}