{"id":24520,"date":"2022-05-02T09:09:44","date_gmt":"2022-05-02T11:20:07","guid":{"rendered":"https:\/\/skinmonarch.com\/?post_type=product&#038;p=24520"},"modified":"2024-12-30T23:34:01","modified_gmt":"2024-12-30T23:34:01","slug":"duke-rankenele","status":"publish","type":"product","link":"https:\/\/skinmonarch.com\/lt\/produktas\/duke-rankenele\/","title":{"rendered":"Duke Ranken\u0117l\u0117"},"content":{"rendered":"<p>Skin Monarch Duke aparato ranken\u0117lei tinka universal\u016bs permanentinio makia\u017eo (\u201eSkin Monarch Baron\u201c, \u201eLuxury\u201c, \u201eKwadron\u201c) kartrid\u017eai.<br \/>\nMa\u017eai vibracijos ir labai tylus.<\/p>\n","protected":false},"excerpt":{"rendered":"<p>Skin Monarch Duke aparato ranken\u0117lei tinka universal\u016bs permanentinio makia\u017eo (\u201eSkin Monarch Baron\u201c, \u201eLuxury\u201c, \u201eKwadron\u201c) kartrid\u017eai.<br \/>\nRanken\u0117l\u0117 naudojama antaki\u0173, aki\u0173, l\u016bp\u0173, permanentinio makia\u017eo proced\u016broms, taip pat nedidel\u0117ms k\u016bno tatuiruot\u0117ms.<br \/>\nRekomenduojama darbin\u0117 \u012ftampa: 5\u20138V RCA jungtis.<br \/>\nDydis:<br \/>\nSiauriausia ranken\u0117l\u0117s vieta: 20mm<br \/>\nPlotis: 24mm<br \/>\nAuk\u0161tis: 90mm<br \/>\nSvoris: 76g<br \/>\nAdatos sm\u016bgis: 3.6mm<br \/>\nTinka visiems auk\u0161\u010diausios kokyb\u0117s maitinimo blokams (\u201eBaron\u201c, \u201eCritical\u201c).<br \/>\nReguliuojamas adatos ilgis, sukant ranken\u0117l\u0117s laikikl\u012f.<br \/>\nTvirtas aliuminio korpusas, u\u017etikrina lengv\u0105 ranken\u0117l\u0117s svor\u012f.<br \/>\nGarantija 1 metai<\/p>\n","protected":false},"featured_media":24512,"comment_status":"open","ping_status":"closed","template":"","meta":{"_themeisle_gutenberg_block_has_review":false},"product_brand":[],"product_cat":[15],"product_tag":[],"class_list":{"0":"post-24520","1":"product","2":"type-product","3":"status-publish","4":"has-post-thumbnail","6":"product_cat-uncategorized","7":"description-off","9":"first","10":"instock","11":"shipping-taxable","12":"purchasable","13":"product-type-simple"},"_links":{"self":[{"href":"https:\/\/skinmonarch.com\/lt\/wp-json\/wp\/v2\/product\/24520","targetHints":{"allow":["GET"]}}],"collection":[{"href":"https:\/\/skinmonarch.com\/lt\/wp-json\/wp\/v2\/product"}],"about":[{"href":"https:\/\/skinmonarch.com\/lt\/wp-json\/wp\/v2\/types\/product"}],"replies":[{"embeddable":true,"href":"https:\/\/skinmonarch.com\/lt\/wp-json\/wp\/v2\/comments?post=24520"}],"wp:featuredmedia":[{"embeddable":true,"href":"https:\/\/skinmonarch.com\/lt\/wp-json\/wp\/v2\/media\/24512"}],"wp:attachment":[{"href":"https:\/\/skinmonarch.com\/lt\/wp-json\/wp\/v2\/media?parent=24520"}],"wp:term":[{"taxonomy":"product_brand","embeddable":true,"href":"https:\/\/skinmonarch.com\/lt\/wp-json\/wp\/v2\/product_brand?post=24520"},{"taxonomy":"product_cat","embeddable":true,"href":"https:\/\/skinmonarch.com\/lt\/wp-json\/wp\/v2\/product_cat?post=24520"},{"taxonomy":"product_tag","embeddable":true,"href":"https:\/\/skinmonarch.com\/lt\/wp-json\/wp\/v2\/product_tag?post=24520"}],"curies":[{"name":"wp","href":"https:\/\/api.w.org\/{rel}","templated":true}]}}