{"id":24526,"date":"2022-05-02T10:01:07","date_gmt":"2022-05-02T12:04:48","guid":{"rendered":"https:\/\/skinmonarch.com\/?post_type=product&#038;p=24526"},"modified":"2024-12-31T00:29:40","modified_gmt":"2024-12-31T00:29:40","slug":"braskinis-lupu-sveitiklis-15g","status":"publish","type":"product","link":"https:\/\/skinmonarch.com\/lt\/produktas\/braskinis-lupu-sveitiklis-15g\/","title":{"rendered":"Bra\u0161kinis L\u016bp\u0173 \u0160veitiklis (15g)"},"content":{"rendered":"<p>L\u016aP\u0172 \u0160VEITIMAS Strawberry by Skin Monarch, kad j\u016bs\u0173 l\u016bpos b\u016bt\u0173 dar labiau bu\u010diuojamos!<br \/>\nTinka naudoti prie\u0161 PMU proced\u016br\u0105.<\/p>\n","protected":false},"excerpt":{"rendered":"<p>\u0160vei\u010dia<br \/>\nL\u016bpos bus dr\u0117gnesn\u0117s ir ilgiau i\u0161laikys dr\u0117gm\u0119; padedantis i\u0161vengti l\u016bp\u0173 \u012ftr\u016bkim\u0173.<br \/>\nSveikesn\u0117 oda<br \/>\nMaitinan\u010dios maistin\u0117s med\u017eiagos ir vitaminai geriau \u012fsisavina nu\u0161veitusias l\u016bpas.<br \/>\nPa\u0161alina negyv\u0105 pavir\u0161i\u0173<br \/>\nI\u0161ry\u0161kina naujus gaivius sluoksnius, tod\u0117l l\u016bpos tampa \u0161velnios, glotnios ir yesss, bu\u010diuotinos!<br \/>\nJei reguliariai \u0161veisite l\u016bpas, jums niekada nereik\u0117s nerimauti d\u0117l v\u0117jo ir \u0161al\u010dio, taip pat d\u0117l to, kad po to l\u016bpos suskilin\u0117ja. U\u017etepkite l\u016bpas \u0161veitikliu ir sudr\u0117kinkite l\u016bpas.<br \/>\nSaugus ir sveikas. Be konservant\u0173<br \/>\nPagaminta vietoje LIETUVOJE<\/p>\n","protected":false},"featured_media":24524,"comment_status":"open","ping_status":"closed","template":"","meta":{"_themeisle_gutenberg_block_has_review":false},"product_brand":[],"product_cat":[15],"product_tag":[],"class_list":{"0":"post-24526","1":"product","2":"type-product","3":"status-publish","4":"has-post-thumbnail","6":"product_cat-uncategorized","7":"description-off","9":"first","10":"instock","11":"shipping-taxable","12":"purchasable","13":"product-type-simple"},"_links":{"self":[{"href":"https:\/\/skinmonarch.com\/lt\/wp-json\/wp\/v2\/product\/24526","targetHints":{"allow":["GET"]}}],"collection":[{"href":"https:\/\/skinmonarch.com\/lt\/wp-json\/wp\/v2\/product"}],"about":[{"href":"https:\/\/skinmonarch.com\/lt\/wp-json\/wp\/v2\/types\/product"}],"replies":[{"embeddable":true,"href":"https:\/\/skinmonarch.com\/lt\/wp-json\/wp\/v2\/comments?post=24526"}],"wp:featuredmedia":[{"embeddable":true,"href":"https:\/\/skinmonarch.com\/lt\/wp-json\/wp\/v2\/media\/24524"}],"wp:attachment":[{"href":"https:\/\/skinmonarch.com\/lt\/wp-json\/wp\/v2\/media?parent=24526"}],"wp:term":[{"taxonomy":"product_brand","embeddable":true,"href":"https:\/\/skinmonarch.com\/lt\/wp-json\/wp\/v2\/product_brand?post=24526"},{"taxonomy":"product_cat","embeddable":true,"href":"https:\/\/skinmonarch.com\/lt\/wp-json\/wp\/v2\/product_cat?post=24526"},{"taxonomy":"product_tag","embeddable":true,"href":"https:\/\/skinmonarch.com\/lt\/wp-json\/wp\/v2\/product_tag?post=24526"}],"curies":[{"name":"wp","href":"https:\/\/api.w.org\/{rel}","templated":true}]}}