{"id":24530,"date":"2022-05-02T10:52:48","date_gmt":"2022-05-02T12:52:48","guid":{"rendered":"https:\/\/skinmonarch.com\/?post_type=product&#038;p=24530"},"modified":"2024-12-30T23:31:53","modified_gmt":"2024-12-30T23:31:53","slug":"glam-rankenele","status":"publish","type":"product","link":"https:\/\/skinmonarch.com\/lt\/produktas\/glam-rankenele\/","title":{"rendered":"Glam Ranken\u0117l\u0117"},"content":{"rendered":"<p>Ilgis: 113mm<br \/>\nPloniausia dalis: 20mm<br \/>\nStoriausia dalis: 24mm<br \/>\nSvoris: 104g<br \/>\nJungtis: RCA<br \/>\nAdatos eiga: 3.0mm<\/p>\n","protected":false},"excerpt":{"rendered":"<p>Skin Monarch Glam rankena tinka universalioms permanentinio makia\u017eo maitinimo \u0161altini\u0173 kaset\u0117ms (Skin Monarch Baron, Luxury, Kwadron).<br \/>\nMa\u0161ininis ra\u0161iklis naudojamas antaki\u0173, aki\u0173, l\u016bp\u0173, permanentinio makia\u017eo proced\u016broms, taip pat smulkioms k\u016bno tatuiruot\u0117ms.<br \/>\nTinka visiems auk\u0161\u010diausios kokyb\u0117s maitinimo \u0161altiniams (Baron, Critical).<br \/>\nReguliuojamas adatos ilgis sukant rankenos laikikl\u012f.<br \/>\nTvirtas aliuminio korpusas u\u017etikrina lengv\u0105 rankenos svor\u012f.<br \/>\nIlgis: 113mm<br \/>\nPloniausia dalis: 20mm<br \/>\nStoriausia dalis: 24mm<br \/>\nSvoris: 104g<br \/>\nJungtis: RCA<br \/>\nAdatos eiga: 3.0mm<br \/>\nRekomenduojama darbin\u0117 \u012ftampa: 4-8V<\/p>\n","protected":false},"featured_media":24559,"comment_status":"open","ping_status":"closed","template":"","meta":{"_themeisle_gutenberg_block_has_review":false},"product_brand":[],"product_cat":[15],"product_tag":[],"class_list":{"0":"post-24530","1":"product","2":"type-product","3":"status-publish","4":"has-post-thumbnail","6":"product_cat-uncategorized","7":"description-off","9":"first","10":"instock","11":"shipping-taxable","12":"purchasable","13":"product-type-simple"},"_links":{"self":[{"href":"https:\/\/skinmonarch.com\/lt\/wp-json\/wp\/v2\/product\/24530","targetHints":{"allow":["GET"]}}],"collection":[{"href":"https:\/\/skinmonarch.com\/lt\/wp-json\/wp\/v2\/product"}],"about":[{"href":"https:\/\/skinmonarch.com\/lt\/wp-json\/wp\/v2\/types\/product"}],"replies":[{"embeddable":true,"href":"https:\/\/skinmonarch.com\/lt\/wp-json\/wp\/v2\/comments?post=24530"}],"wp:featuredmedia":[{"embeddable":true,"href":"https:\/\/skinmonarch.com\/lt\/wp-json\/wp\/v2\/media\/24559"}],"wp:attachment":[{"href":"https:\/\/skinmonarch.com\/lt\/wp-json\/wp\/v2\/media?parent=24530"}],"wp:term":[{"taxonomy":"product_brand","embeddable":true,"href":"https:\/\/skinmonarch.com\/lt\/wp-json\/wp\/v2\/product_brand?post=24530"},{"taxonomy":"product_cat","embeddable":true,"href":"https:\/\/skinmonarch.com\/lt\/wp-json\/wp\/v2\/product_cat?post=24530"},{"taxonomy":"product_tag","embeddable":true,"href":"https:\/\/skinmonarch.com\/lt\/wp-json\/wp\/v2\/product_tag?post=24530"}],"curies":[{"name":"wp","href":"https:\/\/api.w.org\/{rel}","templated":true}]}}