{"id":24552,"date":"2022-05-02T11:17:50","date_gmt":"2022-05-02T13:21:45","guid":{"rendered":"https:\/\/skinmonarch.com\/?post_type=product&#038;p=24552"},"modified":"2024-12-30T23:24:19","modified_gmt":"2024-12-30T23:24:19","slug":"duke-tatuiruociu-masinos-rinkinys","status":"publish","type":"product","link":"https:\/\/skinmonarch.com\/lt\/produktas\/duke-tatuiruociu-masinos-rinkinys\/","title":{"rendered":"Duke Tatuiruo\u010di\u0173 Ma\u0161inos Rinkinys"},"content":{"rendered":"<p>Skin Monarch naujausias, universalus, maitinimo blokas DUKE. Labai galingas, gali paleisti daugum\u0105 ranken\u0117li\u0173 nuo 3V (auk\u0161\u010diausia 12V).<br \/>\nSkin Monarch Duke aparato ranken\u0117lei tinka universal\u016bs permanentinio makia\u017eo (\u201eSkin Monarch Baron\u201c, \u201eLuxury\u201c, \u201eKwadron\u201c) kartrid\u017eai.<\/p>\n","protected":false},"excerpt":{"rendered":"<p>Skin Monarch naujausias, universalus, maitinimo blokas DUKE. Labai galingas, gali paleisti daugum\u0105 ranken\u0117li\u0173 nuo 3V (auk\u0161\u010diausia 12V).<br \/>\nRekomenduojamas darbinis volta\u017eas: 4-7V<br \/>\nPuikiai tinka PMU ranken\u0117l\u0117ms ir galingiems tatuiruo\u010di\u0173 aparatams.<br \/>\nNaudojimas: Palaikyti nuspaust\u0105 ratuk\u0105, \u012frenginio \u012fjungimui. Volta\u017eas reguliuojams ratuko sukimu.<br \/>\nGalima rinktis i\u0161 3 spalv\u0173: ro\u017ein\u0117s, m\u0117t\u0173, pilkos.<br \/>\nTechniniai parametrai:<br \/>\nModelis: Skin Monarch DUKE<br \/>\n\u012e\u0117jimo \u012ftampos diapazonas: 90 &#8211; 240V<br \/>\nI\u0161\u0117jimo \u012ftampos diapazonas: 2 &#8211; 12V, reguliuojamas i\u0161\u0117jimo \u012ftampos tikslumas + &#8211; 0,1V<br \/>\nGalima rinktis 3 spalvas: ro\u017ein\u0117, m\u0117t\u0173, pilka.<br \/>\n1 met\u0173 tarptautin\u0117 garantija<br \/>\nSkin Monarch Duke aparato ranken\u0117lei tinka universal\u016bs permanentinio makia\u017eo (\u201eSkin Monarch Baron\u201c, \u201eLuxury\u201c, \u201eKwadron\u201c) kartrid\u017eai.<br \/>\nRanken\u0117l\u0117 naudojama antaki\u0173, aki\u0173, l\u016bp\u0173, permanentinio makia\u017eo proced\u016broms, taip pat nedidel\u0117ms k\u016bno tatuiruot\u0117ms.<br \/>\nRekomenduojama darbin\u0117 \u012ftampa: 5\u20138V RCA jungtis.<br \/>\nDydis:<br \/>\nSiauriausia ranken\u0117l\u0117s vieta: 20mm<br \/>\nPlotis: 24mm<br \/>\nAuk\u0161tis: 90mm<br \/>\nSvoris: 76g<br \/>\nAdatos sm\u016bgis: 3.6mm<br \/>\nTinka visiems auk\u0161\u010diausios kokyb\u0117s maitinimo blokams (\u201eBaron\u201c, \u201eCritical\u201c).<br \/>\nReguliuojamas adatos ilgis, sukant ranken\u0117l\u0117s laikikl\u012f.<br \/>\nTvirtas aliuminio korpusas, u\u017etikrina lengv\u0105 ranken\u0117l\u0117s svor\u012f.<br \/>\nGarantija 1 metai<\/p>\n","protected":false},"featured_media":24537,"comment_status":"open","ping_status":"closed","template":"","meta":{"_themeisle_gutenberg_block_has_review":false},"product_brand":[],"product_cat":[15],"product_tag":[],"class_list":{"0":"post-24552","1":"product","2":"type-product","3":"status-publish","4":"has-post-thumbnail","6":"product_cat-uncategorized","7":"description-off","9":"first","10":"outofstock","11":"shipping-taxable","12":"purchasable","13":"product-type-variable"},"_links":{"self":[{"href":"https:\/\/skinmonarch.com\/lt\/wp-json\/wp\/v2\/product\/24552","targetHints":{"allow":["GET"]}}],"collection":[{"href":"https:\/\/skinmonarch.com\/lt\/wp-json\/wp\/v2\/product"}],"about":[{"href":"https:\/\/skinmonarch.com\/lt\/wp-json\/wp\/v2\/types\/product"}],"replies":[{"embeddable":true,"href":"https:\/\/skinmonarch.com\/lt\/wp-json\/wp\/v2\/comments?post=24552"}],"wp:featuredmedia":[{"embeddable":true,"href":"https:\/\/skinmonarch.com\/lt\/wp-json\/wp\/v2\/media\/24537"}],"wp:attachment":[{"href":"https:\/\/skinmonarch.com\/lt\/wp-json\/wp\/v2\/media?parent=24552"}],"wp:term":[{"taxonomy":"product_brand","embeddable":true,"href":"https:\/\/skinmonarch.com\/lt\/wp-json\/wp\/v2\/product_brand?post=24552"},{"taxonomy":"product_cat","embeddable":true,"href":"https:\/\/skinmonarch.com\/lt\/wp-json\/wp\/v2\/product_cat?post=24552"},{"taxonomy":"product_tag","embeddable":true,"href":"https:\/\/skinmonarch.com\/lt\/wp-json\/wp\/v2\/product_tag?post=24552"}],"curies":[{"name":"wp","href":"https:\/\/api.w.org\/{rel}","templated":true}]}}