{"id":24578,"date":"2022-05-06T10:18:56","date_gmt":"2022-05-06T12:27:33","guid":{"rendered":"https:\/\/skinmonarch.com\/?post_type=product&#038;p=24578"},"modified":"2024-12-30T23:24:19","modified_gmt":"2024-12-30T23:24:19","slug":"skin-monarch-luxury-tattoo-kartridzai","status":"publish","type":"product","link":"https:\/\/skinmonarch.com\/lt\/produktas\/skin-monarch-luxury-tattoo-kartridzai\/","title":{"rendered":"Skin Monarch Luxury Tattoo Kartrid\u017eai"},"content":{"rendered":"<p>*K\u016bgio ilgis: ST: 2,0 mm, MT: 3,5 mm, LT: 6,5 mm, XLT: 8 mm ypa\u010d ilgas k\u016bgis<br \/>\n*Medicinin\u0117s klas\u0117s plastikas<\/p>\n","protected":false},"excerpt":{"rendered":"<p>Privalumai:<br \/>\n-Skaidrus plastikas- geresnis matomumas.<br \/>\n-Ypa\u010d susiaur\u0117jan\u010dios adatos.<br \/>\n-Su mink\u0161tu silikoniniu laikikliu &#8211; dar patogesniam darbui.<br \/>\n-Su naujovi\u0161ka pigmento talpos sistema.<br \/>\n-Adatos pagamintos i\u0161 316 medicininio ner\u016bdijan\u010dio plieno.<br \/>\n-100% EO duj\u0173 sterilizuota ir individualiai supakuota.<\/p>\n<p>Skin Monarch pristato Skin Monarch Luxury Kartrid\u017eai , sukurti profesionaliems tatuiruo\u010di\u0173 meistrams, skirtus tatuiruo\u010di\u0173 proced\u016broms.<br \/>\nSkin Monarch Luxury Tattoo Kartrid\u017eai auk\u0161\u010diausios kokyb\u0117s skirti profesionaliems permanentinio makia\u017eo ir tatuiravimo meistrams.<br \/>\nTinka daugumai auk\u0161tos klas\u0117s prietais\u0173 kurie naudoja kartrid\u017e\u0173 sistem\u0173.<br \/>\nM\u016bs\u0173 Permanentinio makia\u017eo kartrid\u017eai yra pritaikyti auk\u0161\u010diausios klas\u0117s ranken\u0117l\u0117ms. Skin Monarch luxury tattoo adatos yra a\u0161trios, paprastos naudoti ir u\u017etikrina, kad kiekvien\u0105 kart\u0105 gausite geriausius rezultatus.<br \/>\nTatuiravimo aparatai, kuriuose naudojama kartrid\u017e\u0173 sistema, suderinta su \u0161iuo produktu: Skin Monarch Baron, Mast, Spektra, Cheyenne, Bellar, Colorica, EZ tattoo ir kiti prietaisai, kuriuose naudojama kartrid\u017e\u0173 sistema rinkoje!<br \/>\nKartrid\u017e\u0173 membranos yra sandarios, kad b\u016bt\u0173 i\u0161vengta kry\u017eminio pigmento u\u017eter\u0161imo.<br \/>\nMink\u0161tos, lanks\u010dios adatos ma\u017eiau dirgina ir kenkia odai. Adatos veikia dinami\u0161kai ir tolygiai sugeria ir i\u0161leid\u017eia spalv\u0105, palaiko nuolatin\u012f pigmento sraut\u0105.<br \/>\nNorint pasiekti greit\u0105 gijim\u0105 po proced\u016bros, rekomenduojame naudoti Perfect finish ir Master Care. Klient\u0173 prie\u017ei\u016brai namuose rekomenduojame naudoti Skin Monarch VIP After Care.<br \/>\nVienoje d\u0117\u017eut\u0117je &#8211; 20 kartrid\u017e\u0173.<\/p>\n<p>SKIN MONARCH &#8211; tai auk\u0161\u010diausios kokyb\u0117s registruotas prek\u0117s \u017eenklas.<br \/>\nNuo 2011 met\u0173 dirbame permanentinio makia\u017eo ir mezoterapijos srityse.<br \/>\nDaug met\u0173 ie\u0161kojome geriausi\u0173 produkt\u0173 savo klientams ir bendradarbiavome su geriausiais pasaulio prek\u0117s \u017eenklais \u0161ioje srityje. Per visus \u0161iuos metus \u012fgyta patirtis \u012fkv\u0117p\u0117 mus sukurti SKIN MONARCH prek\u0117s \u017eenkl\u0105.<br \/>\nTai prek\u0117s \u017eenklas, kuriuo galite pasitik\u0117ti. M\u016bs\u0173 gaminiams naudojamos tik geriausios ir laiko patikrintos med\u017eiagos.<br \/>\nM\u016bs\u0173 gaminiai yra sukurti ir tobulinami remiantis naujausiomis tendencijomis ir produkt\u0173 gamybos technologijomis.<\/p>\n","protected":false},"featured_media":24570,"comment_status":"open","ping_status":"closed","template":"","meta":{"_themeisle_gutenberg_block_has_review":false},"product_brand":[],"product_cat":[15],"product_tag":[],"class_list":{"0":"post-24578","1":"product","2":"type-product","3":"status-publish","4":"has-post-thumbnail","6":"product_cat-uncategorized","7":"description-off","9":"first","10":"outofstock","11":"shipping-taxable","12":"purchasable","13":"product-type-variable","14":"has-default-attributes"},"_links":{"self":[{"href":"https:\/\/skinmonarch.com\/lt\/wp-json\/wp\/v2\/product\/24578","targetHints":{"allow":["GET"]}}],"collection":[{"href":"https:\/\/skinmonarch.com\/lt\/wp-json\/wp\/v2\/product"}],"about":[{"href":"https:\/\/skinmonarch.com\/lt\/wp-json\/wp\/v2\/types\/product"}],"replies":[{"embeddable":true,"href":"https:\/\/skinmonarch.com\/lt\/wp-json\/wp\/v2\/comments?post=24578"}],"wp:featuredmedia":[{"embeddable":true,"href":"https:\/\/skinmonarch.com\/lt\/wp-json\/wp\/v2\/media\/24570"}],"wp:attachment":[{"href":"https:\/\/skinmonarch.com\/lt\/wp-json\/wp\/v2\/media?parent=24578"}],"wp:term":[{"taxonomy":"product_brand","embeddable":true,"href":"https:\/\/skinmonarch.com\/lt\/wp-json\/wp\/v2\/product_brand?post=24578"},{"taxonomy":"product_cat","embeddable":true,"href":"https:\/\/skinmonarch.com\/lt\/wp-json\/wp\/v2\/product_cat?post=24578"},{"taxonomy":"product_tag","embeddable":true,"href":"https:\/\/skinmonarch.com\/lt\/wp-json\/wp\/v2\/product_tag?post=24578"}],"curies":[{"name":"wp","href":"https:\/\/api.w.org\/{rel}","templated":true}]}}