{"id":24659,"date":"2022-05-16T09:59:53","date_gmt":"2022-05-16T12:03:16","guid":{"rendered":"https:\/\/skinmonarch.com\/?post_type=product&#038;p=24659"},"modified":"2024-12-30T23:22:35","modified_gmt":"2024-12-30T23:22:35","slug":"24659","status":"publish","type":"product","link":"https:\/\/skinmonarch.com\/lt\/produktas\/24659\/","title":{"rendered":"Duke Maitinimo Bloko Ir Glam Ranken\u0117l\u0117s Rinkinys"},"content":{"rendered":"<p><strong>Glam ranken\u0117l\u0117<\/strong><br \/>\nIlgis: 113mm<br \/>\nPloniausia dalis: 20 mm<br \/>\nStoriausia dalis: 24mm<br \/>\nSvoris: 104g<br \/>\nJungtis: RCA<br \/>\nAdatos eiga: 3.0 mm<\/p>\n<p><strong>Skin Monarch DUKE<\/strong><br \/>\n\u012e\u0117jimo \u012ftampos diapazonas: 90 &#8211; 240V<br \/>\nI\u0161\u0117jimo \u012ftampos diapazonas: 2 &#8211; 12V, reguliuojamas i\u0161\u0117jimo \u012ftampos tikslumas + &#8211; 0,1V<br \/>\nGalima rinktis 3 spalvas: ro\u017ein\u0117, m\u0117t\u0173, pilka.<br \/>\n1 met\u0173 tarptautin\u0117 garantija<\/p>\n","protected":false},"excerpt":{"rendered":"<p><strong>DUKE Maitinimo Blokas<\/strong><br \/>\nSkin Monarch naujausias, universalus, maitinimo blokas DUKE. Labai galingas, gali paleisti daugum\u0105 ranken\u0117li\u0173 nuo 3V (auk\u0161\u010diausia 12V).<br \/>\nPuikiai tinka PMU ranken\u0117l\u0117ms ir galingiems tatuiruo\u010di\u0173 aparatams.<\/p>\n<p><strong>Glam ranken\u0117l\u0117<\/strong><br \/>\nSkin Monarch Glam rankena tinka universalioms permanentinio makia\u017eo maitinimo \u0161altini\u0173 kaset\u0117ms (Skin Monarch Baron, Luxury, Kwadron).<br \/>\nMa\u0161ininis ra\u0161iklis naudojamas antaki\u0173, aki\u0173, l\u016bp\u0173, permanentinio makia\u017eo proced\u016broms, taip pat smulkioms k\u016bno tatuiruot\u0117ms.<br \/>\nTinka visiems auk\u0161\u010diausios kokyb\u0117s maitinimo \u0161altiniams (Baron, Critical). Reguliuojamas adatos ilgis sukant rankenos laikikl\u012f. Tvirtas aliuminio korpusas u\u017etikrina lengv\u0105 rankenos svor\u012f.<\/p>\n","protected":false},"featured_media":24654,"comment_status":"open","ping_status":"closed","template":"","meta":{"_themeisle_gutenberg_block_has_review":false},"product_brand":[],"product_cat":[15],"product_tag":[],"class_list":{"0":"post-24659","1":"product","2":"type-product","3":"status-publish","4":"has-post-thumbnail","6":"product_cat-uncategorized","7":"description-off","9":"first","10":"outofstock","11":"shipping-taxable","12":"purchasable","13":"product-type-variable"},"_links":{"self":[{"href":"https:\/\/skinmonarch.com\/lt\/wp-json\/wp\/v2\/product\/24659","targetHints":{"allow":["GET"]}}],"collection":[{"href":"https:\/\/skinmonarch.com\/lt\/wp-json\/wp\/v2\/product"}],"about":[{"href":"https:\/\/skinmonarch.com\/lt\/wp-json\/wp\/v2\/types\/product"}],"replies":[{"embeddable":true,"href":"https:\/\/skinmonarch.com\/lt\/wp-json\/wp\/v2\/comments?post=24659"}],"wp:featuredmedia":[{"embeddable":true,"href":"https:\/\/skinmonarch.com\/lt\/wp-json\/wp\/v2\/media\/24654"}],"wp:attachment":[{"href":"https:\/\/skinmonarch.com\/lt\/wp-json\/wp\/v2\/media?parent=24659"}],"wp:term":[{"taxonomy":"product_brand","embeddable":true,"href":"https:\/\/skinmonarch.com\/lt\/wp-json\/wp\/v2\/product_brand?post=24659"},{"taxonomy":"product_cat","embeddable":true,"href":"https:\/\/skinmonarch.com\/lt\/wp-json\/wp\/v2\/product_cat?post=24659"},{"taxonomy":"product_tag","embeddable":true,"href":"https:\/\/skinmonarch.com\/lt\/wp-json\/wp\/v2\/product_tag?post=24659"}],"curies":[{"name":"wp","href":"https:\/\/api.w.org\/{rel}","templated":true}]}}