{"id":24776,"date":"2022-08-12T10:25:07","date_gmt":"2022-08-12T12:27:38","guid":{"rendered":"https:\/\/skinmonarch.com\/?post_type=product&#038;p=24776"},"modified":"2024-12-30T23:21:24","modified_gmt":"2024-12-30T23:21:24","slug":"skin-monarch-mts-mezoterapijos-universalus-hibridiniai-kartridzai","status":"publish","type":"product","link":"https:\/\/skinmonarch.com\/lt\/produktas\/skin-monarch-mts-mezoterapijos-universalus-hibridiniai-kartridzai\/","title":{"rendered":"Skin Monarch MTS Mezoterapijos Universalus Hibridiniai Kartrid\u017eai"},"content":{"rendered":"<p><strong>SKIN MONARCH<\/strong> \u2013 auk\u0161\u010diausios kokyb\u0117s registruotas prek\u0117s \u017eenklas.<br \/>\nNuo 2011 met\u0173 dirbame permanentinio makia\u017eo ir mezoterapijos srityje.<\/p>\n<p><strong>Kartrid\u017e\u0173 tipai:<\/strong><br \/>\n<strong>12P<\/strong><br \/>\n<strong>36P<\/strong><br \/>\n<strong>42P<\/strong><br \/>\n<strong>Round NANO<\/strong><br \/>\n<strong>5x5mm 18um<\/strong><\/p>\n<p><strong>Microneedling privalumai gali b\u016bti:<\/strong><br \/>\n-suma\u017einti rand\u0173 atsiradim\u0105, \u012fskaitant randus nuo spuog\u0173;<br \/>\n-suma\u017einti smulki\u0173 linij\u0173 ir rauk\u0161li\u0173 atsiradim\u0105;<br \/>\n-suma\u017einti i\u0161sipl\u0117tusias poras;<br \/>\n-hiperpigmentacijos ar tamsi\u0173 d\u0117mi\u0173 atsiradimo ma\u017einimas;<br \/>\n-i\u0161lygina nelyg\u0173 odos atspalv\u012f;<br \/>\n-gerina odos elastingum\u0105;<br \/>\n-suma\u017einti strij\u0173 atsiradim\u0105;<br \/>\n-suma\u017einti rand\u0173 atsiradim\u0105;<br \/>\n-plauk\u0173 augimo skatinimas \u017emon\u0117ms, sergantiems alopecija.<\/p>\n<p><strong>Papildoma informacija:<\/strong><br \/>\nSukurta taip, kad tilpt\u0173 \u012fvairi\u0173 tip\u0173, dyd\u017ei\u0173 ir funkcij\u0173 kosmetikos ir medicinin\u0117s adatos.<br \/>\nKaset\u0117s, kurios yra puikiai sandarios, kad b\u016bt\u0173 i\u0161vengta kry\u017eminio u\u017eter\u0161imo.<\/p>\n<p><strong>Daugiau na\u0161umo:<\/strong><br \/>\n&#8211; Ai\u0161kios spalvos antgalis \u2013 geresnis matomumas.<br \/>\n&#8211; Puikiai nusmail\u0117jusios adatos.<br \/>\n&#8211; Kaset\u0117s adatos pagamintos i\u0161 316 medicininio ner\u016bdijan\u010dio plieno.<br \/>\n&#8211; 100% EO dujos Sterilizuotos ir supakuotos atskirai.<br \/>\n&#8211; Vienoje d\u0117\u017eut\u0117je &#8211; 10 kartrid\u017e\u0173.<\/p>\n","protected":false},"excerpt":{"rendered":"<p>Universalios MTS kaset\u0117s mikroadatos. ABS medicinin\u0117s klas\u0117s plastikas.<br \/>\nSaugi silikonin\u0117 membrana. Hibridiniam tatuiruo\u010di\u0173 aparatui. Tik vienkartinis naudojimas.<br \/>\n<strong>10vnt\/d\u0117\u017eut\u0117<\/strong><\/p>\n","protected":false},"featured_media":24774,"comment_status":"open","ping_status":"closed","template":"","meta":{"_themeisle_gutenberg_block_has_review":false},"product_brand":[],"product_cat":[15],"product_tag":[],"class_list":{"0":"post-24776","1":"product","2":"type-product","3":"status-publish","4":"has-post-thumbnail","6":"product_cat-uncategorized","7":"description-off","9":"first","10":"outofstock","11":"shipping-taxable","12":"purchasable","13":"product-type-variable"},"_links":{"self":[{"href":"https:\/\/skinmonarch.com\/lt\/wp-json\/wp\/v2\/product\/24776","targetHints":{"allow":["GET"]}}],"collection":[{"href":"https:\/\/skinmonarch.com\/lt\/wp-json\/wp\/v2\/product"}],"about":[{"href":"https:\/\/skinmonarch.com\/lt\/wp-json\/wp\/v2\/types\/product"}],"replies":[{"embeddable":true,"href":"https:\/\/skinmonarch.com\/lt\/wp-json\/wp\/v2\/comments?post=24776"}],"wp:featuredmedia":[{"embeddable":true,"href":"https:\/\/skinmonarch.com\/lt\/wp-json\/wp\/v2\/media\/24774"}],"wp:attachment":[{"href":"https:\/\/skinmonarch.com\/lt\/wp-json\/wp\/v2\/media?parent=24776"}],"wp:term":[{"taxonomy":"product_brand","embeddable":true,"href":"https:\/\/skinmonarch.com\/lt\/wp-json\/wp\/v2\/product_brand?post=24776"},{"taxonomy":"product_cat","embeddable":true,"href":"https:\/\/skinmonarch.com\/lt\/wp-json\/wp\/v2\/product_cat?post=24776"},{"taxonomy":"product_tag","embeddable":true,"href":"https:\/\/skinmonarch.com\/lt\/wp-json\/wp\/v2\/product_tag?post=24776"}],"curies":[{"name":"wp","href":"https:\/\/api.w.org\/{rel}","templated":true}]}}