{"id":25784,"date":"2023-01-11T12:41:39","date_gmt":"2023-01-11T14:45:03","guid":{"rendered":"https:\/\/skinmonarch.com\/?post_type=product&#038;p=25784"},"modified":"2023-01-11T12:41:39","modified_gmt":"2023-01-11T14:45:03","slug":"skin-monarch-universalus-laikiklis-autoklavinis","status":"publish","type":"product","link":"https:\/\/skinmonarch.com\/lt\/produktas\/skin-monarch-universalus-laikiklis-autoklavinis\/","title":{"rendered":"Skin Monarch Universalus Laikiklis (Autoklavinis)"},"content":{"rendered":"<p style=\"text-align: justify;\">Pristatome nauj\u0105 bei itin lengv\u0105 mikroblading laikikl\u012f &#8211; &#8222;Skin Monarch Universal Holder&#8221; (autoclave). Tai auk\u0161tos kokyb\u0117s profesionalus microblading laikiklis. \u0160is laikiklis sterilizuojamas autoklave, o tai rei\u0161kia, kad jis gali b\u016bti pakartotinai naudojamas ir proced\u016bra bus sterili ir saugi.. \u0160is \u012frankis yra skirtas kiekvienam meistrui, tikrai universalus ir tai yra vienintelis \u012frankis, kurio jums reikia j\u016bs\u0173 proced\u016brai. \u0160is \u012frankis padarys kiekvieno meistro proced\u016br\u0105 efektyvesne, funkcionalesne ir tikslesne.<br \/>\nSkin Monarch Universal Autoclave \u012frankio ilgis yra 11 cm, o svoris &#8211; 30 gram\u0173. \u0160is \u012frankis yra itin plonas ir labai patogus naudoti. Esame tikri, kad kai pabandysite, niekada nenaudosite kit\u0173 \u012franki\u0173 skirt\u0173 microblading proced\u016brai.<br \/>\nKod\u0117l tur\u0117\u010diau pasirinkti Skin Monarch Universal Holder (autoclave)?<br \/>\n-Itin lengvas;<br \/>\n-Galite pamir\u0161ti apie nepatogius vienkartinius laikiklius;<br \/>\n-Ilgalaikis;<br \/>\n-Proced\u016bra bus sterili ir saugi, nes po kiekvieno naudojimo ji bus sterilizuota autoklave;<br \/>\n-Lengva naudoti;<br \/>\n-Plonas ir labai patogus;<br \/>\n-Auksin\u0117 spalva.<\/p>\n","protected":false},"excerpt":{"rendered":"<p style=\"text-align: justify;\">Skin Monarch Universal \u012frankio ilgis yra 11 cm, o svoris &#8211; 30 gram\u0173. \u0160is \u012frankis yra itin plonas ir labai patogus naudoti. Esame tikri, kad kai pabandysite, niekada nenaudosite kit\u0173 \u012franki\u0173 skirt\u0173 microblading proced\u016brai.<\/p>\n","protected":false},"featured_media":25782,"comment_status":"open","ping_status":"closed","template":"","meta":{"_themeisle_gutenberg_block_has_review":false},"product_brand":[],"product_cat":[15],"product_tag":[],"class_list":{"0":"post-25784","1":"product","2":"type-product","3":"status-publish","4":"has-post-thumbnail","6":"product_cat-uncategorized","7":"description-off","9":"first","10":"instock","11":"shipping-taxable","12":"purchasable","13":"product-type-simple"},"_links":{"self":[{"href":"https:\/\/skinmonarch.com\/lt\/wp-json\/wp\/v2\/product\/25784","targetHints":{"allow":["GET"]}}],"collection":[{"href":"https:\/\/skinmonarch.com\/lt\/wp-json\/wp\/v2\/product"}],"about":[{"href":"https:\/\/skinmonarch.com\/lt\/wp-json\/wp\/v2\/types\/product"}],"replies":[{"embeddable":true,"href":"https:\/\/skinmonarch.com\/lt\/wp-json\/wp\/v2\/comments?post=25784"}],"wp:featuredmedia":[{"embeddable":true,"href":"https:\/\/skinmonarch.com\/lt\/wp-json\/wp\/v2\/media\/25782"}],"wp:attachment":[{"href":"https:\/\/skinmonarch.com\/lt\/wp-json\/wp\/v2\/media?parent=25784"}],"wp:term":[{"taxonomy":"product_brand","embeddable":true,"href":"https:\/\/skinmonarch.com\/lt\/wp-json\/wp\/v2\/product_brand?post=25784"},{"taxonomy":"product_cat","embeddable":true,"href":"https:\/\/skinmonarch.com\/lt\/wp-json\/wp\/v2\/product_cat?post=25784"},{"taxonomy":"product_tag","embeddable":true,"href":"https:\/\/skinmonarch.com\/lt\/wp-json\/wp\/v2\/product_tag?post=25784"}],"curies":[{"name":"wp","href":"https:\/\/api.w.org\/{rel}","templated":true}]}}