{"id":26010,"date":"2023-01-12T10:47:43","date_gmt":"2023-01-12T12:49:27","guid":{"rendered":"https:\/\/skinmonarch.com\/?post_type=product&#038;p=26010"},"modified":"2024-12-30T00:43:16","modified_gmt":"2024-12-30T00:43:16","slug":"skin-monarch-maiseliai-kontaktiniam-laidui","status":"publish","type":"product","link":"https:\/\/skinmonarch.com\/lt\/produktas\/skin-monarch-maiseliai-kontaktiniam-laidui\/","title":{"rendered":"Skin Monarch Mai\u0161eliai Kontaktiniam Laidui"},"content":{"rendered":"<p>\u0160ie apsauginiai mai\u0161eliai apsaugo j\u016bs\u0173 kontaktin\u012f laid\u0105 permanentinio makia\u017eo ar tatuiravimo proced\u016bros metu. Tai u\u017etikrina higieni\u0161k\u0105 ir \u0161vari\u0105 darbo aplink\u0105.<br \/>\n<strong>Privalumai:<\/strong><br \/>\n-Lengvai i\u0161tempiami<br \/>\n-I\u0161laiko laid\u0105 \u0161var\u0173 ir higieni\u0161k\u0105<br \/>\n-Ma\u017eiau valymo pastang\u0173<br \/>\n<strong>Kiekis:<\/strong> 125 vnt.\/d\u0117\u017eut\u0117je<br \/>\n<strong>Dydis:<\/strong> 50 x 800 mm<\/p>\n<p><strong>Galimos spalvos:<\/strong><br \/>\n-Ro\u017ein\u0117<br \/>\n-M\u0117lyna<br \/>\n-Tamsiai Pilka<br \/>\n-Geltona<\/p>\n","protected":false},"excerpt":{"rendered":"<p>Skin Monarch mai\u0161eliai kontaktiniam laidui &#8211; ro\u017ein\u0117 \/ geltona \/ m\u0117lyna \/ tamsiai pilka<br \/>\n<strong>Kiekis:<\/strong> 125 vnt.\/d\u0117\u017eut\u0117je<br \/>\n<strong>Dydis:<\/strong> 50 x 800 mm<\/p>\n","protected":false},"featured_media":28208,"comment_status":"open","ping_status":"closed","template":"","meta":{"_themeisle_gutenberg_block_has_review":false},"product_brand":[],"product_cat":[15],"product_tag":[],"class_list":{"0":"post-26010","1":"product","2":"type-product","3":"status-publish","4":"has-post-thumbnail","6":"product_cat-uncategorized","7":"description-off","9":"first","10":"outofstock","11":"shipping-taxable","12":"purchasable","13":"product-type-variable"},"_links":{"self":[{"href":"https:\/\/skinmonarch.com\/lt\/wp-json\/wp\/v2\/product\/26010","targetHints":{"allow":["GET"]}}],"collection":[{"href":"https:\/\/skinmonarch.com\/lt\/wp-json\/wp\/v2\/product"}],"about":[{"href":"https:\/\/skinmonarch.com\/lt\/wp-json\/wp\/v2\/types\/product"}],"replies":[{"embeddable":true,"href":"https:\/\/skinmonarch.com\/lt\/wp-json\/wp\/v2\/comments?post=26010"}],"wp:featuredmedia":[{"embeddable":true,"href":"https:\/\/skinmonarch.com\/lt\/wp-json\/wp\/v2\/media\/28208"}],"wp:attachment":[{"href":"https:\/\/skinmonarch.com\/lt\/wp-json\/wp\/v2\/media?parent=26010"}],"wp:term":[{"taxonomy":"product_brand","embeddable":true,"href":"https:\/\/skinmonarch.com\/lt\/wp-json\/wp\/v2\/product_brand?post=26010"},{"taxonomy":"product_cat","embeddable":true,"href":"https:\/\/skinmonarch.com\/lt\/wp-json\/wp\/v2\/product_cat?post=26010"},{"taxonomy":"product_tag","embeddable":true,"href":"https:\/\/skinmonarch.com\/lt\/wp-json\/wp\/v2\/product_tag?post=26010"}],"curies":[{"name":"wp","href":"https:\/\/api.w.org\/{rel}","templated":true}]}}