{"id":28716,"date":"2023-01-25T10:01:01","date_gmt":"2023-01-25T12:03:27","guid":{"rendered":"https:\/\/skinmonarch.com\/?post_type=product&#038;p=28716"},"modified":"2024-12-30T00:38:28","modified_gmt":"2024-12-30T00:38:28","slug":"skin-monarch-vienkartinis-antakiu-skustuvu-rinkinys","status":"publish","type":"product","link":"https:\/\/skinmonarch.com\/lt\/produktas\/skin-monarch-vienkartinis-antakiu-skustuvu-rinkinys\/","title":{"rendered":"Skin Monarch Vienkartinis Antaki\u0173 Skustuv\u0173 Rinkinys"},"content":{"rendered":"<p style=\"text-align: justify;\">\u0160is produktas toks puikus, kad j\u012f gali naudoti ne tik moterys, bet ir vyrai! Padarykite savo antakius tvarkingus, stilingus ir susikurkite tobul\u0105 i\u0161vaizd\u0105.<br \/>\nAuk\u0161ta kokyb\u0117, neslidi plastiko ranken\u0117l\u0117 bei ergonomi\u0161ka pakuot\u0117. Sulankstomas a\u0161mens apsaugai.<br \/>\n3 vienet\u0173 rinkinys (balta, \u0161viesiai m\u0117lyna ir ro\u017ein\u0117)<br \/>\n\u012erankio ilgis: 80-150mm<br \/>\nA\u0161men\u0173 ilgis: 35mm<\/p>\n","protected":false},"excerpt":{"rendered":"<p style=\"text-align: justify;\">\u0160is produktas toks puikus, kad j\u012f gali naudoti ne tik moterys, bet ir vyrai! Padarykite savo antakius tvarkingus, stilingus ir susikurkite tobul\u0105 i\u0161vaizd\u0105.<br \/>\n\u0160ie antaki\u0173 skustuvai pagaminti i\u0161 ner\u016bdijan\u010dio plieno peiliuk\u0173 ir neslidaus plastiko. Ranken\u0117l\u0117 maloniai jau\u010diasi delne, tod\u0117l skustuvas yra saugus ir patogus naudoti.<br \/>\nAuk\u0161ta kokyb\u0117, neslidi plastiko ranken\u0117l\u0117 bei ergonomi\u0161ka pakuot\u0117. Sulankstomas a\u0161mens apsaugai.<br \/>\n3 vienet\u0173 rinkinys (balta, \u0161viesiai m\u0117lyna ir ro\u017ein\u0117)<br \/>\n\u012erankio ilgis: 80-150mm<br \/>\nA\u0161men\u0173 ilgis: 35mm<\/p>\n","protected":false},"featured_media":28714,"comment_status":"open","ping_status":"closed","template":"","meta":{"_themeisle_gutenberg_block_has_review":false},"product_brand":[],"product_cat":[15],"product_tag":[],"class_list":{"0":"post-28716","1":"product","2":"type-product","3":"status-publish","4":"has-post-thumbnail","6":"product_cat-uncategorized","7":"description-off","9":"first","10":"instock","11":"shipping-taxable","12":"purchasable","13":"product-type-simple"},"_links":{"self":[{"href":"https:\/\/skinmonarch.com\/lt\/wp-json\/wp\/v2\/product\/28716","targetHints":{"allow":["GET"]}}],"collection":[{"href":"https:\/\/skinmonarch.com\/lt\/wp-json\/wp\/v2\/product"}],"about":[{"href":"https:\/\/skinmonarch.com\/lt\/wp-json\/wp\/v2\/types\/product"}],"replies":[{"embeddable":true,"href":"https:\/\/skinmonarch.com\/lt\/wp-json\/wp\/v2\/comments?post=28716"}],"wp:featuredmedia":[{"embeddable":true,"href":"https:\/\/skinmonarch.com\/lt\/wp-json\/wp\/v2\/media\/28714"}],"wp:attachment":[{"href":"https:\/\/skinmonarch.com\/lt\/wp-json\/wp\/v2\/media?parent=28716"}],"wp:term":[{"taxonomy":"product_brand","embeddable":true,"href":"https:\/\/skinmonarch.com\/lt\/wp-json\/wp\/v2\/product_brand?post=28716"},{"taxonomy":"product_cat","embeddable":true,"href":"https:\/\/skinmonarch.com\/lt\/wp-json\/wp\/v2\/product_cat?post=28716"},{"taxonomy":"product_tag","embeddable":true,"href":"https:\/\/skinmonarch.com\/lt\/wp-json\/wp\/v2\/product_tag?post=28716"}],"curies":[{"name":"wp","href":"https:\/\/api.w.org\/{rel}","templated":true}]}}