{"id":28734,"date":"2023-01-25T10:16:54","date_gmt":"2023-01-25T12:25:31","guid":{"rendered":"https:\/\/skinmonarch.com\/?post_type=product&#038;p=28734"},"modified":"2024-12-30T23:14:27","modified_gmt":"2024-12-30T23:14:27","slug":"skin-monarch-kirstas-antakiu-sepetelis","status":"publish","type":"product","link":"https:\/\/skinmonarch.com\/lt\/produktas\/skin-monarch-kirstas-antakiu-sepetelis\/","title":{"rendered":"Skin Monarch Kirstas Antaki\u0173 \u0160epet\u0117lis"},"content":{"rendered":"<p>Nepriklausomai nuo j\u016bs\u0173 antaki\u0173 stiliaus ar produkto, kur\u012f m\u0117gstate naudoti, \u0161is antaki\u0173 \u0161epet\u0117lis yra esmin\u0117 j\u016bs\u0173 kasdien\u0117s antaki\u0173 prie\u017ei\u016bros priemon\u0117.<br \/>\n\u012erankio ilgis 125mm<\/p>\n","protected":false},"excerpt":{"rendered":"<p>Nepriklausomai nuo j\u016bs\u0173 antaki\u0173 stiliaus ar produkto, kur\u012f m\u0117gstate naudoti, \u0161is antaki\u0173 \u0161epet\u0117lis yra esmin\u0117 j\u016bs\u0173 kasdien\u0117s antaki\u0173 prie\u017ei\u016bros priemon\u0117.<br \/>\n\u0160\u012f \u0161epet\u0117l\u012f itin paprasta naudoti, j\u012f galima derinti su m\u0117gstama antaki\u0173 priemone, tinka naudoti kartu su antaki\u0173 geliu, antaki\u0173 pudra ir antaki\u0173 pasta.<br \/>\n\u012erankio ilgis 125mm<br \/>\nKaip naudoti:<br \/>\n-Su \u0161epet\u0117liu \u0161velniai paimkite norimo produkto, o pertekli\u0173 pa\u0161alinkite ant pla\u0161takos.<\/p>\n","protected":false},"featured_media":28728,"comment_status":"open","ping_status":"closed","template":"","meta":{"_themeisle_gutenberg_block_has_review":false},"product_brand":[],"product_cat":[15],"product_tag":[],"class_list":{"0":"post-28734","1":"product","2":"type-product","3":"status-publish","4":"has-post-thumbnail","6":"product_cat-uncategorized","7":"description-off","9":"first","10":"instock","11":"shipping-taxable","12":"purchasable","13":"product-type-simple"},"_links":{"self":[{"href":"https:\/\/skinmonarch.com\/lt\/wp-json\/wp\/v2\/product\/28734","targetHints":{"allow":["GET"]}}],"collection":[{"href":"https:\/\/skinmonarch.com\/lt\/wp-json\/wp\/v2\/product"}],"about":[{"href":"https:\/\/skinmonarch.com\/lt\/wp-json\/wp\/v2\/types\/product"}],"replies":[{"embeddable":true,"href":"https:\/\/skinmonarch.com\/lt\/wp-json\/wp\/v2\/comments?post=28734"}],"wp:featuredmedia":[{"embeddable":true,"href":"https:\/\/skinmonarch.com\/lt\/wp-json\/wp\/v2\/media\/28728"}],"wp:attachment":[{"href":"https:\/\/skinmonarch.com\/lt\/wp-json\/wp\/v2\/media?parent=28734"}],"wp:term":[{"taxonomy":"product_brand","embeddable":true,"href":"https:\/\/skinmonarch.com\/lt\/wp-json\/wp\/v2\/product_brand?post=28734"},{"taxonomy":"product_cat","embeddable":true,"href":"https:\/\/skinmonarch.com\/lt\/wp-json\/wp\/v2\/product_cat?post=28734"},{"taxonomy":"product_tag","embeddable":true,"href":"https:\/\/skinmonarch.com\/lt\/wp-json\/wp\/v2\/product_tag?post=28734"}],"curies":[{"name":"wp","href":"https:\/\/api.w.org\/{rel}","templated":true}]}}