{"id":33108,"date":"2023-04-03T06:00:34","date_gmt":"2023-04-03T08:00:34","guid":{"rendered":"https:\/\/skinmonarch.com\/?post_type=product&#038;p=33108"},"modified":"2024-12-30T23:14:24","modified_gmt":"2024-12-30T23:14:24","slug":"skin-monarch-poprocedurinis-gelis-4ml","status":"publish","type":"product","link":"https:\/\/skinmonarch.com\/lt\/produktas\/skin-monarch-poprocedurinis-gelis-4ml\/","title":{"rendered":"Skin Monarch Poproced\u016brinis Gelis (4ml)"},"content":{"rendered":"<p style=\"text-align: justify;\">Skin Monarch poproced\u016brinis gelis, kad nuramint\u0173 ir apsaugot\u0173 j\u016bs\u0173 od\u0105 gijimo stadijose. Saugo od\u0105 nuo dirginimo.<br \/>\nTaip pat gali b\u016bti naudojamas kaip pagalbin\u0117 priemon\u0117, suteikiantis dr\u0117kinim\u0105 ir slydim\u0105 tatuiruo\u010di\u0173 ir PMU metu.<br \/>\n<strong>L\u016bp\u0173 blizgesio efektas:<\/strong><br \/>\nPrie\u0161 fotografuodami galite naudoti \u0161\u012f produkt\u0105 taip pat kaip l\u016bp\u0173 blizges\u012f, kad j\u016bs\u0173 nuotraukos atrodyt\u0173 \u012fsp\u016bdingiau.<br \/>\n<strong>Ingridientai:<\/strong><br \/>\nPetrolatumas, skystas parafinas, tokoferilo acetatas, lanolinas, retinilo palmitatas, heliantus annuus aliejus, kvepalai, ricinos aliejus, CI45410, linalolis, limonenas.<\/p>\n","protected":false},"excerpt":{"rendered":"<p>Skin Monarch poproced\u016brinis gelis, kad nuramint\u0173 ir apsaugot\u0173 j\u016bs\u0173 od\u0105 gijimo stadijose. Saugo od\u0105 nuo dirginimo.<\/p>\n","protected":false},"featured_media":33104,"comment_status":"open","ping_status":"closed","template":"","meta":{"_themeisle_gutenberg_block_has_review":false},"product_brand":[],"product_cat":[15],"product_tag":[],"class_list":{"0":"post-33108","1":"product","2":"type-product","3":"status-publish","4":"has-post-thumbnail","6":"product_cat-uncategorized","7":"description-off","9":"first","10":"instock","11":"shipping-taxable","12":"purchasable","13":"product-type-simple"},"_links":{"self":[{"href":"https:\/\/skinmonarch.com\/lt\/wp-json\/wp\/v2\/product\/33108","targetHints":{"allow":["GET"]}}],"collection":[{"href":"https:\/\/skinmonarch.com\/lt\/wp-json\/wp\/v2\/product"}],"about":[{"href":"https:\/\/skinmonarch.com\/lt\/wp-json\/wp\/v2\/types\/product"}],"replies":[{"embeddable":true,"href":"https:\/\/skinmonarch.com\/lt\/wp-json\/wp\/v2\/comments?post=33108"}],"wp:featuredmedia":[{"embeddable":true,"href":"https:\/\/skinmonarch.com\/lt\/wp-json\/wp\/v2\/media\/33104"}],"wp:attachment":[{"href":"https:\/\/skinmonarch.com\/lt\/wp-json\/wp\/v2\/media?parent=33108"}],"wp:term":[{"taxonomy":"product_brand","embeddable":true,"href":"https:\/\/skinmonarch.com\/lt\/wp-json\/wp\/v2\/product_brand?post=33108"},{"taxonomy":"product_cat","embeddable":true,"href":"https:\/\/skinmonarch.com\/lt\/wp-json\/wp\/v2\/product_cat?post=33108"},{"taxonomy":"product_tag","embeddable":true,"href":"https:\/\/skinmonarch.com\/lt\/wp-json\/wp\/v2\/product_tag?post=33108"}],"curies":[{"name":"wp","href":"https:\/\/api.w.org\/{rel}","templated":true}]}}