{"id":33125,"date":"2023-04-03T06:51:22","date_gmt":"2023-04-03T08:51:22","guid":{"rendered":"https:\/\/skinmonarch.com\/?post_type=product&#038;p=33125"},"modified":"2023-04-03T06:51:22","modified_gmt":"2023-04-03T08:51:22","slug":"skin-monarch-magic-lash-serumas-7ml","status":"publish","type":"product","link":"https:\/\/skinmonarch.com\/lt\/produktas\/skin-monarch-magic-lash-serumas-7ml\/","title":{"rendered":"Skin Monarch Magic Lash Serumas (7ml)"},"content":{"rendered":"<p style=\"text-align: justify;\">Serumas tinka tiek blakstienoms, tiek antakiams. Norint pasiekti maksimalius rezultatus rekomenduojama serum\u0105 naudoti 2 kartus \u012f dien\u0105 bent 6 savaites.<br \/>\nNaudojant ryte, serum\u0105 u\u017etepus palikti 1 ar 2 minut\u0117ms, kad \u012fsigertu ir tik tada naudoti makia\u017e\u0105.<br \/>\n<strong>Kaip naudoti:<\/strong><br \/>\n-Prie\u0161 naudojant, \u012fsitikinkite jog oda yra \u0161vari be makia\u017eo ir sausa.<br \/>\n-Serum\u0105 tepkite ties vir\u0161utiniu aki\u0173 kont\u016bru, pana\u0161iai kaip tepate aki\u0173 kont\u016bro apvad\u0105.<br \/>\n-Pamirks\u0117kite kelet\u0105 kart\u0173, jog serumas pasiskirstyt\u0173 ir ant apatini\u0173blakstien\u0173.<br \/>\n-Pasitepus serumo nenuvalykite, palikite bent jau 6 valandoms.<br \/>\n<strong>\u012esp\u0117jimas:<\/strong><br \/>\nVenkite tiesioginio kontakto su akimis, jei pateko \u012f akis, nuplaukite \u0161variu vandeniu. Tik i\u0161oriniam naudojimui. Jeigu prad\u0117jote jausti dirginim\u0105, nustokite naudoti produkt\u0105.<\/p>\n<p style=\"text-align: justify;\"><strong>Ingridientai:<\/strong><br \/>\nAQUA, RICINUS COMMUNIS SEED OIL, HYDROXYETHYL ACRYLATE\/SODIUM ACRYLOYLDIMETHYL TAURATE COPOLYMER, PANTHENOL, PHENOXYETHANOL, NIACINAMIDE CALCIUM PANTOTHENATE, SODIUM ASCORBYL PHOSPHATE, TOCOPHERYL ACETATE, PYRIDOXINE HYDROCHLORIDE, MALTODEXTRIN, SODIUM STARCH OCTENYLSUCCINATE, SILICA, BIOTIN, ALOE BARBADENSIS LEAF JUICE POWDER, ETHYLHEXYLGLYCERIN, EDTA.<\/p>\n","protected":false},"excerpt":{"rendered":"<p>Novatori\u0161kos sud\u0117ties serumas kuris stiprina blakstienas ir antakius.<\/p>\n","protected":false},"featured_media":33123,"comment_status":"open","ping_status":"closed","template":"","meta":{"_themeisle_gutenberg_block_has_review":false},"product_brand":[],"product_cat":[15],"product_tag":[],"class_list":{"0":"post-33125","1":"product","2":"type-product","3":"status-publish","4":"has-post-thumbnail","6":"product_cat-uncategorized","7":"description-off","9":"first","10":"instock","11":"shipping-taxable","12":"purchasable","13":"product-type-simple"},"_links":{"self":[{"href":"https:\/\/skinmonarch.com\/lt\/wp-json\/wp\/v2\/product\/33125","targetHints":{"allow":["GET"]}}],"collection":[{"href":"https:\/\/skinmonarch.com\/lt\/wp-json\/wp\/v2\/product"}],"about":[{"href":"https:\/\/skinmonarch.com\/lt\/wp-json\/wp\/v2\/types\/product"}],"replies":[{"embeddable":true,"href":"https:\/\/skinmonarch.com\/lt\/wp-json\/wp\/v2\/comments?post=33125"}],"wp:featuredmedia":[{"embeddable":true,"href":"https:\/\/skinmonarch.com\/lt\/wp-json\/wp\/v2\/media\/33123"}],"wp:attachment":[{"href":"https:\/\/skinmonarch.com\/lt\/wp-json\/wp\/v2\/media?parent=33125"}],"wp:term":[{"taxonomy":"product_brand","embeddable":true,"href":"https:\/\/skinmonarch.com\/lt\/wp-json\/wp\/v2\/product_brand?post=33125"},{"taxonomy":"product_cat","embeddable":true,"href":"https:\/\/skinmonarch.com\/lt\/wp-json\/wp\/v2\/product_cat?post=33125"},{"taxonomy":"product_tag","embeddable":true,"href":"https:\/\/skinmonarch.com\/lt\/wp-json\/wp\/v2\/product_tag?post=33125"}],"curies":[{"name":"wp","href":"https:\/\/api.w.org\/{rel}","templated":true}]}}