{"id":33325,"date":"2023-12-13T09:44:28","date_gmt":"2023-12-13T11:44:28","guid":{"rendered":"https:\/\/skinmonarch.com\/?post_type=product&#038;p=33325"},"modified":"2024-12-30T00:24:32","modified_gmt":"2024-12-30T00:24:32","slug":"skin-monarch-rozinis-muilas-su-kramtomosios-gumos-aromatu-250ml","status":"publish","type":"product","link":"https:\/\/skinmonarch.com\/lt\/produktas\/skin-monarch-rozinis-muilas-su-kramtomosios-gumos-aromatu-250ml\/","title":{"rendered":"Skin Monarch Ro\u017einis Muilas Su Kramtomosios Gumos Aromatu (250ml)"},"content":{"rendered":"<p>Specialiai sukurtas produktas valyti od\u0105 tatuiravimo metu ir po jo.<br \/>\nSkin Monarch ro\u017einis muilas turi aseptini\u0173 savybi\u0173 ir naudojamas kaip valomasis muilas. Idealus kaip aseptin\u0119 priemon\u0117 prie\u0161 proced\u016br\u0105 ir po jo, norint pa\u0161alinti perteklin\u012f pigment\u0105 nuo odos.<br \/>\nJis \u012fprastai \u017einomas kaip tatuiruo\u010di\u0173 muilas, nes saugu naudoti ant odos ir n\u0117ra link\u0119s j\u0105 dirginti, tuo pat padeda nuraminti j\u0105 po tatuiravimo.<br \/>\nParuo\u0161tas naudoti. Venkite kontakto su akimis.<\/p>\n","protected":false},"excerpt":{"rendered":"<p><strong>Naudojimo b\u016bdas:<\/strong><br \/>\nRekomenduojama naudoti 1:20 santyk\u012f (praskieskite 1 dal\u012f muilo iki 20 dali\u0173 vandens).<\/p>\n","protected":false},"featured_media":33323,"comment_status":"open","ping_status":"closed","template":"","meta":{"_themeisle_gutenberg_block_has_review":false},"product_brand":[],"product_cat":[15],"product_tag":[],"class_list":{"0":"post-33325","1":"product","2":"type-product","3":"status-publish","4":"has-post-thumbnail","6":"product_cat-uncategorized","7":"description-off","9":"first","10":"instock","11":"shipping-taxable","12":"purchasable","13":"product-type-simple"},"_links":{"self":[{"href":"https:\/\/skinmonarch.com\/lt\/wp-json\/wp\/v2\/product\/33325","targetHints":{"allow":["GET"]}}],"collection":[{"href":"https:\/\/skinmonarch.com\/lt\/wp-json\/wp\/v2\/product"}],"about":[{"href":"https:\/\/skinmonarch.com\/lt\/wp-json\/wp\/v2\/types\/product"}],"replies":[{"embeddable":true,"href":"https:\/\/skinmonarch.com\/lt\/wp-json\/wp\/v2\/comments?post=33325"}],"wp:featuredmedia":[{"embeddable":true,"href":"https:\/\/skinmonarch.com\/lt\/wp-json\/wp\/v2\/media\/33323"}],"wp:attachment":[{"href":"https:\/\/skinmonarch.com\/lt\/wp-json\/wp\/v2\/media?parent=33325"}],"wp:term":[{"taxonomy":"product_brand","embeddable":true,"href":"https:\/\/skinmonarch.com\/lt\/wp-json\/wp\/v2\/product_brand?post=33325"},{"taxonomy":"product_cat","embeddable":true,"href":"https:\/\/skinmonarch.com\/lt\/wp-json\/wp\/v2\/product_cat?post=33325"},{"taxonomy":"product_tag","embeddable":true,"href":"https:\/\/skinmonarch.com\/lt\/wp-json\/wp\/v2\/product_tag?post=33325"}],"curies":[{"name":"wp","href":"https:\/\/api.w.org\/{rel}","templated":true}]}}