{"id":33397,"date":"2023-12-27T12:30:46","date_gmt":"2023-12-27T14:30:46","guid":{"rendered":"https:\/\/skinmonarch.com\/?post_type=product&#038;p=33397"},"modified":"2024-12-26T13:42:44","modified_gmt":"2024-12-26T13:42:44","slug":"skin-monarch-odos-atspalvio-antakiu-pasta-15g","status":"publish","type":"product","link":"https:\/\/skinmonarch.com\/lt\/produktas\/skin-monarch-odos-atspalvio-antakiu-pasta-15g\/","title":{"rendered":"Skin Monarch Odos Atspalvio Antaki\u0173 Pasta (15g)"},"content":{"rendered":"<p>Funkcijos:<br \/>\n-Leid\u017eia sukurti nepriekai\u0161ting\u0105 ai\u0161k\u0173 antaki\u0173 kont\u016br\u0105 atskiruose veido ta\u0161kuose ir fiksuoti tepant pasta.<br \/>\n-Da\u017eymo vieta i\u0161lieka kont\u016bro viduje, apsaugo od\u0105, kurios nereik\u0117t\u0173 da\u017eyti, nuo pigmentinio da\u017e\u0173 poveikio.<br \/>\n-Parodo klientui b\u016bsim\u0105 antaki\u0173 form\u0105, suteikiant galimyb\u0119 atlikti korekcij\u0105 optimaliems rezultatams.<\/p>\n<p>Naudojimo instrukcijos:<br \/>\nNaudodami \u0161epet\u0117l\u012f, i\u0161ilgai antaki\u0173 kont\u016bro u\u017etepkite reikiam\u0105 pastos kiek\u012f, kad henna da\u017eai netek\u0117t\u0173. Nor\u0117dami geriau pa\u0161alinti po da\u017eymo, naudokite profesional\u0173 makia\u017eo valikl\u012f.<\/p>\n<p>Atsargumo priemon\u0117s:<br \/>\nLikus 24 valandoms prie\u0161 naudojim\u0105, turite atlikti alergijos test\u0105. Tik i\u0161oriniam naudojimui.<\/p>\n","protected":false},"excerpt":{"rendered":"<p>\u0160i pasta naudinga tiek meistrams, tiek pradedantiesiems \u2013 speciali antaki\u0173 pasta, leid\u017eianti suformuoti ideal\u0173 ir ai\u0161k\u0173 antaki\u0173 kont\u016br\u0105.<br \/>\nSu \u0161ia pasta da\u017eymo vieta lieka kont\u016bro viduje. Apsaugo od\u0105, kurios nereik\u0117t\u0173 da\u017eyti.<\/p>\n","protected":false},"featured_media":33394,"comment_status":"open","ping_status":"closed","template":"","meta":{"_themeisle_gutenberg_block_has_review":false},"product_brand":[],"product_cat":[15],"product_tag":[],"class_list":{"0":"post-33397","1":"product","2":"type-product","3":"status-publish","4":"has-post-thumbnail","6":"product_cat-uncategorized","7":"description-off","9":"first","10":"instock","11":"shipping-taxable","12":"purchasable","13":"product-type-simple"},"_links":{"self":[{"href":"https:\/\/skinmonarch.com\/lt\/wp-json\/wp\/v2\/product\/33397","targetHints":{"allow":["GET"]}}],"collection":[{"href":"https:\/\/skinmonarch.com\/lt\/wp-json\/wp\/v2\/product"}],"about":[{"href":"https:\/\/skinmonarch.com\/lt\/wp-json\/wp\/v2\/types\/product"}],"replies":[{"embeddable":true,"href":"https:\/\/skinmonarch.com\/lt\/wp-json\/wp\/v2\/comments?post=33397"}],"wp:featuredmedia":[{"embeddable":true,"href":"https:\/\/skinmonarch.com\/lt\/wp-json\/wp\/v2\/media\/33394"}],"wp:attachment":[{"href":"https:\/\/skinmonarch.com\/lt\/wp-json\/wp\/v2\/media?parent=33397"}],"wp:term":[{"taxonomy":"product_brand","embeddable":true,"href":"https:\/\/skinmonarch.com\/lt\/wp-json\/wp\/v2\/product_brand?post=33397"},{"taxonomy":"product_cat","embeddable":true,"href":"https:\/\/skinmonarch.com\/lt\/wp-json\/wp\/v2\/product_cat?post=33397"},{"taxonomy":"product_tag","embeddable":true,"href":"https:\/\/skinmonarch.com\/lt\/wp-json\/wp\/v2\/product_tag?post=33397"}],"curies":[{"name":"wp","href":"https:\/\/api.w.org\/{rel}","templated":true}]}}