{"id":369,"date":"2018-08-29T10:29:07","date_gmt":"2018-08-29T12:29:07","guid":{"rendered":"http:\/\/skinmonarch.com\/?post_type=product&#038;p=369"},"modified":"2024-12-30T13:40:13","modified_gmt":"2024-12-30T13:40:13","slug":"lipni-antakiu-matavimo-liniuote","status":"publish","type":"product","link":"https:\/\/skinmonarch.com\/lt\/produktas\/lipni-antakiu-matavimo-liniuote\/","title":{"rendered":"Lipni antaki\u0173 matavimo liniuot\u0117"},"content":{"rendered":"<h6>Skin Monarch Lipni antaki\u0173 matavimo liniuot\u0117 (10 \/ 100 vnt.)<\/h6>\n<p>Vienkartin\u0117, lengvo naudojimo antaki\u0173 matavimo liniuot\u0117;<\/p>\n<p>Simetri\u0161ka, neslystanti patogi ir prakti\u0161ka.<\/p>\n","protected":false},"excerpt":{"rendered":"<h6>Vienkartin\u0117, lengvo naudojimo antaki\u0173 matavimo liniuot\u0117;<\/h6>\n<h6>Simetri\u0161ka, neslystanti patogi ir prakti\u0161ka.<\/h6>\n","protected":false},"featured_media":23587,"comment_status":"open","ping_status":"closed","template":"","meta":{"_themeisle_gutenberg_block_has_review":false},"product_brand":[],"product_cat":[15],"product_tag":[],"class_list":{"0":"post-369","1":"product","2":"type-product","3":"status-publish","4":"has-post-thumbnail","6":"product_cat-uncategorized","7":"description-off","9":"first","10":"outofstock","11":"shipping-taxable","12":"purchasable","13":"product-type-variable"},"_links":{"self":[{"href":"https:\/\/skinmonarch.com\/lt\/wp-json\/wp\/v2\/product\/369","targetHints":{"allow":["GET"]}}],"collection":[{"href":"https:\/\/skinmonarch.com\/lt\/wp-json\/wp\/v2\/product"}],"about":[{"href":"https:\/\/skinmonarch.com\/lt\/wp-json\/wp\/v2\/types\/product"}],"replies":[{"embeddable":true,"href":"https:\/\/skinmonarch.com\/lt\/wp-json\/wp\/v2\/comments?post=369"}],"wp:featuredmedia":[{"embeddable":true,"href":"https:\/\/skinmonarch.com\/lt\/wp-json\/wp\/v2\/media\/23587"}],"wp:attachment":[{"href":"https:\/\/skinmonarch.com\/lt\/wp-json\/wp\/v2\/media?parent=369"}],"wp:term":[{"taxonomy":"product_brand","embeddable":true,"href":"https:\/\/skinmonarch.com\/lt\/wp-json\/wp\/v2\/product_brand?post=369"},{"taxonomy":"product_cat","embeddable":true,"href":"https:\/\/skinmonarch.com\/lt\/wp-json\/wp\/v2\/product_cat?post=369"},{"taxonomy":"product_tag","embeddable":true,"href":"https:\/\/skinmonarch.com\/lt\/wp-json\/wp\/v2\/product_tag?post=369"}],"curies":[{"name":"wp","href":"https:\/\/api.w.org\/{rel}","templated":true}]}}