{"id":37781,"date":"2020-01-27T09:52:31","date_gmt":"2020-01-27T11:53:54","guid":{"rendered":"https:\/\/skinmonarch.com\/?post_type=product&#038;p=22079"},"modified":"2020-01-27T09:52:31","modified_gmt":"2020-01-27T11:53:54","slug":"skin-monarch-profesionalus-antakiu-prieziuros-rinkinys","status":"publish","type":"product","link":"https:\/\/skinmonarch.com\/lt\/produktas\/skin-monarch-profesionalus-antakiu-prieziuros-rinkinys\/","title":{"rendered":"Skin Monarch profesionalus antaki\u0173 prie\u017ei\u016bros rinkinys"},"content":{"rendered":"<h6><b>Funkcija:<\/b><\/h6>\n<h6>&#8211; Spalva: juoda<\/h6>\n<h6>&#8211; Med\u017eiaga: ner\u016bdijantis plienas, plastikas.<\/h6>\n<h6>&#8211; Pagaminta i\u0161 auk\u0161tos kokyb\u0117s ner\u016bdijan\u010dio plieno. Antaki\u0173 prie\u017ei\u016bros priemones sunku sulau\u017eyti.<\/h6>\n<h6>&#8211; Kalibruotas tikslumas. Su priemone galima lengvai ir efektyviai suformuoti antakius.<\/h6>\n<h6>&#8211; \u012e rinkin\u012f \u012feina 7 skirtingi \u012frankiai ir laikymo d\u0117klas.<\/h6>\n","protected":false},"excerpt":{"rendered":"<h6><b>Apib\u016bdinimas:<\/b><\/h6>\n<h6>Antaki\u0173 prie\u017ei\u016bros rinkinys pagamintas i\u0161 auk\u0161tos kokyb\u0117s ner\u016bdijan\u010dio plieno, tod\u0117l jis yra tvirtas. Jame yra 7 skirtingi \u012frankiai, galintys patenkinti j\u016bs\u0173 antaki\u0173 formavimo poreik\u012f, \u012fskaitant pincet\u0105, \u017eirkles, antaki\u0173 \u0161epet\u0117l\u012f \/ \u0161ukas, antaki\u0173 skustuv\u0105 ir kita.<\/h6>\n<h6><b>Rinkin\u012f sudaro:<\/b><\/h6>\n<h6>Antaki\u0173 pincetas 8,3 cm<\/h6>\n<h6>Antaki\u0173 pincetas 9,6 cm<\/h6>\n<h6>Antaki\u0173 pincetas\u00a0su \u0161ukomis 10 cm<\/h6>\n<h6>\u017dirkl\u0117s 8,9 cm<\/h6>\n<h6>\u017dirkl\u0117s su \u0161ukomis 12,9 cm<\/h6>\n<h6>Antaki\u0173 skustuvas 10,6 cm<\/h6>\n<h6>Antaki\u0173 \u0161epet\u0117lis \/ \u0161ukos 10 cm<\/h6>\n<h6>D\u0117klas 15.7 x 10,5 x 2,8 cm<\/h6>\n","protected":false},"featured_media":22075,"comment_status":"open","ping_status":"closed","template":"","meta":{"_themeisle_gutenberg_block_has_review":false},"product_brand":[],"product_cat":[15],"product_tag":[],"class_list":{"0":"post-37781","1":"product","2":"type-product","3":"status-publish","4":"has-post-thumbnail","6":"product_cat-uncategorized","7":"description-off","9":"first","10":"instock","11":"shipping-taxable","12":"purchasable","13":"product-type-simple"},"_links":{"self":[{"href":"https:\/\/skinmonarch.com\/lt\/wp-json\/wp\/v2\/product\/37781","targetHints":{"allow":["GET"]}}],"collection":[{"href":"https:\/\/skinmonarch.com\/lt\/wp-json\/wp\/v2\/product"}],"about":[{"href":"https:\/\/skinmonarch.com\/lt\/wp-json\/wp\/v2\/types\/product"}],"replies":[{"embeddable":true,"href":"https:\/\/skinmonarch.com\/lt\/wp-json\/wp\/v2\/comments?post=37781"}],"wp:featuredmedia":[{"embeddable":true,"href":"https:\/\/skinmonarch.com\/lt\/wp-json\/wp\/v2\/media\/22075"}],"wp:attachment":[{"href":"https:\/\/skinmonarch.com\/lt\/wp-json\/wp\/v2\/media?parent=37781"}],"wp:term":[{"taxonomy":"product_brand","embeddable":true,"href":"https:\/\/skinmonarch.com\/lt\/wp-json\/wp\/v2\/product_brand?post=37781"},{"taxonomy":"product_cat","embeddable":true,"href":"https:\/\/skinmonarch.com\/lt\/wp-json\/wp\/v2\/product_cat?post=37781"},{"taxonomy":"product_tag","embeddable":true,"href":"https:\/\/skinmonarch.com\/lt\/wp-json\/wp\/v2\/product_tag?post=37781"}],"curies":[{"name":"wp","href":"https:\/\/api.w.org\/{rel}","templated":true}]}}